{"id":76,"date":"2025-10-22T11:43:42","date_gmt":"2025-10-22T11:43:42","guid":{"rendered":"https:\/\/clpasrl.com\/contact\/"},"modified":"2025-11-04T11:09:58","modified_gmt":"2025-11-04T10:09:58","slug":"contact","status":"publish","type":"page","link":"https:\/\/clpasrl.com\/?page_id=76","title":{"rendered":"CONTATTI"},"content":{"rendered":"\n<div class=\"wp-block-uagb-container uagb-block-d41007b3 alignfull uagb-is-root-container\"><div class=\"uagb-container-inner-blocks-wrap\">\n<div class=\"wp-block-uagb-advanced-heading uagb-block-0b7dc4ce\"><h1 class=\"uagb-heading-text\">Contatti<\/h1><p class=\"uagb-desc-text\">Siamo sempre disponibili per fornire informazioni sui nostri servizi di confezionamento o per valutare nuove collaborazioni.<br>Puoi contattarci per richiedere un preventivo personalizzato, ricevere assistenza o semplicemente conoscere meglio la nostra realt\u00e0.<br>Il team CLPA sar\u00e0 lieto di rispondere alle tue richieste con professionalit\u00e0 e rapidit\u00e0.<\/p><\/div>\n<\/div><\/div>\n\n\n\n<div class=\"wp-block-uagb-container uagb-block-d82eb069 alignfull uagb-is-root-container\"><div class=\"uagb-container-inner-blocks-wrap\">\n<div class=\"wp-block-uagb-container uagb-block-a995095c\">\n<div class=\"wp-block-uagb-advanced-heading uagb-block-e8c90461\"><h2 class=\"uagb-heading-text\">Discutiamo insieme la soluzione migliore per te!<\/h2><p class=\"uagb-desc-text\">Ogni progetto nasce da un confronto. In CLPA crediamo che la vera qualit\u00e0 derivi dall\u2019ascolto delle esigenze di chi produce. Per questo analizziamo con attenzione le necessit\u00e0 tecniche, produttive e commerciali dei nostri clienti, offrendo soluzioni su misura per il confezionamento, la lavorazione e la distribuzione di ingredienti alimentari. Il nostro obiettivo \u00e8 creare un percorso condiviso, capace di ottimizzare tempi, costi e risultati.<\/p><\/div>\n\n\n\n<div class=\"wp-block-uagb-advanced-heading uagb-block-65fe4092\"><p class=\"uagb-heading-text\">Dal primo contatto fino alla consegna del prodotto, accompagniamo ogni cliente con un approccio collaborativo e trasparente. Il nostro team tecnico fornisce supporto nella scelta delle materie prime, nelle formule e nei formati di confezionamento pi\u00f9 adatti al mercato di riferimento. Insieme, costruiamo soluzioni affidabili e sostenibili, pensate per valorizzare la qualit\u00e0 del tuo lavoro e la sicurezza del consumatore finale.<\/p><\/div>\n\n\n\n<div class=\"wp-block-uagb-icon-list uagb-block-a612e866\"><div class=\"uagb-icon-list__wrap\">\n<div class=\"wp-block-uagb-icon-list-child uagb-block-0ab6f6c4\"><a target=\"_self\" aria-label=\"Consulenza Gratuita e Analisi delle Esigenze\u200b\" rel=\"noopener noreferrer\" href=\"#\"> <\/a><span class=\"uagb-icon-list__source-wrap\"><svg xmlns=\"https:\/\/www.w3.org\/2000\/svg\" viewBox=\"0 0 512 512\"><path d=\"M0 256C0 114.6 114.6 0 256 0C397.4 0 512 114.6 512 256C512 397.4 397.4 512 256 512C114.6 512 0 397.4 0 256zM256 352C309 352 352 309 352 256C352 202.1 309 160 256 160C202.1 160 160 202.1 160 256C160 309 202.1 352 256 352z\"><\/path><\/svg><\/span><span class=\"uagb-icon-list__label\">Consulenza Gratuita e Analisi delle Esigenze\u200b<\/span><\/div>\n\n\n\n<div class=\"wp-block-uagb-icon-list-child uagb-block-0c5f0d78\"><a target=\"_self\" aria-label=\"Progettazione della Soluzione Personalizzata\u200b\" rel=\"noopener noreferrer\" href=\"#\"> <\/a><span class=\"uagb-icon-list__source-wrap\"><svg xmlns=\"https:\/\/www.w3.org\/2000\/svg\" viewBox=\"0 0 512 512\"><path d=\"M0 256C0 114.6 114.6 0 256 0C397.4 0 512 114.6 512 256C512 397.4 397.4 512 256 512C114.6 512 0 397.4 0 256zM256 352C309 352 352 309 352 256C352 202.1 309 160 256 160C202.1 160 160 202.1 160 256C160 309 202.1 352 256 352z\"><\/path><\/svg><\/span><span class=\"uagb-icon-list__label\">Progettazione della Soluzione Personalizzata\u200b<\/span><\/div>\n\n\n\n<div class=\"wp-block-uagb-icon-list-child uagb-block-6c6887e5\"><a target=\"_self\" aria-label=\"Ottimizzazione dei Costi e dei Processi\u200b\" rel=\"noopener noreferrer\" href=\"#\"> <\/a><span class=\"uagb-icon-list__source-wrap\"><svg xmlns=\"https:\/\/www.w3.org\/2000\/svg\" viewBox=\"0 0 512 512\"><path d=\"M0 256C0 114.6 114.6 0 256 0C397.4 0 512 114.6 512 256C512 397.4 397.4 512 256 512C114.6 512 0 397.4 0 256zM256 352C309 352 352 309 352 256C352 202.1 309 160 256 160C202.1 160 160 202.1 160 256C160 309 202.1 352 256 352z\"><\/path><\/svg><\/span><span class=\"uagb-icon-list__label\">Ottimizzazione dei Costi e dei Processi\u200b<\/span><\/div>\n\n\n\n<div class=\"wp-block-uagb-icon-list-child uagb-block-9eb4e0a8\"><a target=\"_self\" aria-label=\"Assistenza Tecnica e Supporto Continuo\u200b\" rel=\"noopener noreferrer\" href=\"#\"> <\/a><span class=\"uagb-icon-list__source-wrap\"><svg xmlns=\"https:\/\/www.w3.org\/2000\/svg\" viewBox=\"0 0 512 512\"><path d=\"M0 256C0 114.6 114.6 0 256 0C397.4 0 512 114.6 512 256C512 397.4 397.4 512 256 512C114.6 512 0 397.4 0 256zM256 352C309 352 352 309 352 256C352 202.1 309 160 256 160C202.1 160 160 202.1 160 256C160 309 202.1 352 256 352z\"><\/path><\/svg><\/span><span class=\"uagb-icon-list__label\">Assistenza Tecnica e Supporto Continuo\u200b<\/span><\/div>\n<\/div><\/div>\n<\/div>\n\n\n\n<div class=\"wp-block-uagb-container uagb-block-68a2fd60\">\n<div class=\"wp-block-uagb-image alignright uagb-block-bd487752 wp-block-uagb-image--layout-default wp-block-uagb-image--effect-static wp-block-uagb-image--align-right\"><figure class=\"wp-block-uagb-image__figure\"><img decoding=\"async\" srcset=\"https:\/\/clpasrl.com\/wp-content\/uploads\/2025\/10\/CLPACONF-edited.png ,https:\/\/clpasrl.com\/wp-content\/uploads\/2025\/10\/CLPACONF-edited.png 780w, https:\/\/clpasrl.com\/wp-content\/uploads\/2025\/10\/CLPACONF-edited.png 360w\" sizes=\"auto, (max-width: 480px) 150px\" src=\"https:\/\/clpasrl.com\/wp-content\/uploads\/2025\/10\/CLPACONF-edited.png\" alt=\"clpaconf\" class=\"uag-image-2036\" width=\"434\" height=\"650\" title=\"clpaconf\" loading=\"lazy\" role=\"img\"\/><\/figure><\/div>\n<\/div>\n<\/div><\/div>\n\n\n\n<div class=\"wp-block-uagb-container uagb-block-2c4c8456 alignfull uagb-is-root-container\"><div class=\"uagb-container-inner-blocks-wrap\">\n<div class=\"wp-block-uagb-advanced-heading uagb-block-80381056\"><h2 class=\"uagb-heading-text\">Dettagli Di Contatto<\/h2><\/div>\n\n\n\n<div class=\"wp-block-uagb-container uagb-block-c49c96f7\">\n<div class=\"wp-block-uagb-container uagb-block-e175ef96\">\n<div class=\"wp-block-uagb-info-box uagb-block-4533dfea uagb-infobox__content-wrap  uagb-infobox-icon-above-title uagb-infobox-image-valign-top\"><div class=\"uagb-ifb-content\"><div class=\"uagb-ifb-icon-wrap\"><div class=\"uagb-iconbox-icon-wrap uagb-infobox-shape-circle\"><svg xmlns=\"https:\/\/www.w3.org\/2000\/svg\" viewBox=\"0 0 384 512\"><path d=\"M168.3 499.2C116.1 435 0 279.4 0 192C0 85.96 85.96 0 192 0C298 0 384 85.96 384 192C384 279.4 267 435 215.7 499.2C203.4 514.5 180.6 514.5 168.3 499.2H168.3zM192 256C227.3 256 256 227.3 256 192C256 156.7 227.3 128 192 128C156.7 128 128 156.7 128 192C128 227.3 156.7 256 192 256z\"><\/path><\/svg><\/div><\/div><div class=\"uagb-ifb-title-wrap\"><h3 class=\"uagb-ifb-title\">Sede Operativa<\/h3><\/div><p class=\"uagb-ifb-desc\"><a href=\"https:\/\/www.google.com\/maps\/place\/\/data=!4m2!3m1!1s0x47801d3d1fb9fc31:0xe817d14983e31e54?sa=X&amp;ved=1t:8290&amp;ictx=111\">Via Daniele da Torricella, 52 a, 42122 Reggio Emilia RE<\/a><\/p><\/div><\/div>\n<\/div>\n\n\n\n<div class=\"wp-block-uagb-container uagb-block-5f7adc53\">\n<div class=\"wp-block-uagb-info-box uagb-block-d5c943e8 uagb-infobox__content-wrap  uagb-infobox-icon-above-title uagb-infobox-image-valign-top\"><div class=\"uagb-ifb-content\"><div class=\"uagb-ifb-icon-wrap\"><div class=\"uagb-iconbox-icon-wrap uagb-infobox-shape-circle\"><svg xmlns=\"https:\/\/www.w3.org\/2000\/svg\" viewBox=\"0 0 512 512\"><path d=\"M464 64C490.5 64 512 85.49 512 112C512 127.1 504.9 141.3 492.8 150.4L275.2 313.6C263.8 322.1 248.2 322.1 236.8 313.6L19.2 150.4C7.113 141.3 0 127.1 0 112C0 85.49 21.49 64 48 64H464zM217.6 339.2C240.4 356.3 271.6 356.3 294.4 339.2L512 176V384C512 419.3 483.3 448 448 448H64C28.65 448 0 419.3 0 384V176L217.6 339.2z\"><\/path><\/svg><\/div><\/div><div class=\"uagb-ifb-title-wrap\"><h3 class=\"uagb-ifb-title\">Email<\/h3><\/div><p class=\"uagb-ifb-desc\"><a>info@clpasrl.com<\/a><br><\/p><\/div><\/div>\n<\/div>\n\n\n\n<div class=\"wp-block-uagb-container uagb-block-72701849\">\n<div class=\"wp-block-uagb-info-box uagb-block-f05574ca uagb-infobox__content-wrap  uagb-infobox-icon-above-title uagb-infobox-image-valign-top\"><div class=\"uagb-ifb-content\"><div class=\"uagb-ifb-icon-wrap\"><div class=\"uagb-iconbox-icon-wrap uagb-infobox-shape-circle\"><svg xmlns=\"https:\/\/www.w3.org\/2000\/svg\" viewBox=\"0 0 512 512\"><path d=\"M511.2 387l-23.25 100.8c-3.266 14.25-15.79 24.22-30.46 24.22C205.2 512 0 306.8 0 54.5c0-14.66 9.969-27.2 24.22-30.45l100.8-23.25C139.7-2.602 154.7 5.018 160.8 18.92l46.52 108.5c5.438 12.78 1.77 27.67-8.98 36.45L144.5 207.1c33.98 69.22 90.26 125.5 159.5 159.5l44.08-53.8c8.688-10.78 23.69-14.51 36.47-8.975l108.5 46.51C506.1 357.2 514.6 372.4 511.2 387z\"><\/path><\/svg><\/div><\/div><div class=\"uagb-ifb-title-wrap\"><h3 class=\"uagb-ifb-title\">Telefono\u200b<\/h3><\/div><p class=\"uagb-ifb-desc\">+39 375 986 3636<br><\/p><\/div><\/div>\n<\/div>\n<\/div>\n<\/div><\/div>\n\n\n\n<div class=\"wp-block-uagb-container uagb-block-5cb42846 alignfull uagb-is-root-container\">\t\t\t<div \n\t\t\tclass=\"wp-block-uagb-google-map uagb-google-map__wrap uagb-block-483103ef     \"\n\t\t\tstyle=\"\" >\n\t\t\t\t<embed\n\t\t\t\t\tclass=\"uagb-google-map__iframe\"\n\t\t\t\t\ttitle=\"Google Map for \"\n\t\t\t\t\tsrc=\"https:\/\/maps.google.com\/maps?q=Clpa%20Srl%20via%20daniele%20da%20torricella%2052A&#038;z=15&#038;hl=en&#038;t=m&#038;output=embed&#038;iwloc=near\"\n\t\t\t\t\twidth=\"640\"\n\t\t\t\t\theight=\"450\"\n\t\t\t\t\tloading=\"lazy\"\n\t\t\t\t><\/embed>\n\t\t\t<\/div>\n\t\t\t<\/div>\n\n\n\n<p><\/p>\n","protected":false},"excerpt":{"rendered":"<p>Contatti Siamo sempre disponibili per fornire informazioni sui nostri servizi di confezionamento o per valutare nuove collaborazioni.Puoi contattarci per richiedere un preventivo personalizzato, ricevere assistenza o semplicemente conoscere meglio la nostra realt\u00e0.Il team CLPA sar\u00e0 lieto di rispondere alle tue richieste con professionalit\u00e0 e rapidit\u00e0. Discutiamo insieme la soluzione migliore per te! Ogni progetto nasce [&hellip;]<\/p>\n","protected":false},"author":2,"featured_media":0,"parent":0,"menu_order":0,"comment_status":"closed","ping_status":"closed","template":"","meta":{"_uag_custom_page_level_css":"","site-sidebar-layout":"no-sidebar","site-content-layout":"page-builder","ast-site-content-layout":"full-width-container","site-content-style":"unboxed","site-sidebar-style":"unboxed","ast-global-header-display":"","ast-banner-title-visibility":"","ast-main-header-display":"","ast-hfb-above-header-display":"","ast-hfb-below-header-display":"","ast-hfb-mobile-header-display":"","site-post-title":"disabled","ast-breadcrumbs-content":"","ast-featured-img":"disabled","footer-sml-layout":"","theme-transparent-header-meta":"","adv-header-id-meta":"","stick-header-meta":"","header-above-stick-meta":"","header-main-stick-meta":"","header-below-stick-meta":"","astra-migrate-meta-layouts":"set","ast-page-background-enabled":"default","ast-page-background-meta":{"desktop":{"background-color":"var(--ast-global-color-4)","background-image":"","background-repeat":"repeat","background-position":"center center","background-size":"auto","background-attachment":"scroll","background-type":"","background-media":"","overlay-type":"","overlay-color":"","overlay-opacity":"","overlay-gradient":""},"tablet":{"background-color":"","background-image":"","background-repeat":"repeat","background-position":"center center","background-size":"auto","background-attachment":"scroll","background-type":"","background-media":"","overlay-type":"","overlay-color":"","overlay-opacity":"","overlay-gradient":""},"mobile":{"background-color":"","background-image":"","background-repeat":"repeat","background-position":"center center","background-size":"auto","background-attachment":"scroll","background-type":"","background-media":"","overlay-type":"","overlay-color":"","overlay-opacity":"","overlay-gradient":""}},"ast-content-background-meta":{"desktop":{"background-color":"var(--ast-global-color-5)","background-image":"","background-repeat":"repeat","background-position":"center center","background-size":"auto","background-attachment":"scroll","background-type":"","background-media":"","overlay-type":"","overlay-color":"","overlay-opacity":"","overlay-gradient":""},"tablet":{"background-color":"var(--ast-global-color-5)","background-image":"","background-repeat":"repeat","background-position":"center center","background-size":"auto","background-attachment":"scroll","background-type":"","background-media":"","overlay-type":"","overlay-color":"","overlay-opacity":"","overlay-gradient":""},"mobile":{"background-color":"var(--ast-global-color-5)","background-image":"","background-repeat":"repeat","background-position":"center center","background-size":"auto","background-attachment":"scroll","background-type":"","background-media":"","overlay-type":"","overlay-color":"","overlay-opacity":"","overlay-gradient":""}},"footnotes":""},"class_list":["post-76","page","type-page","status-publish","hentry"],"yoast_head":"<!-- This site is optimized with the Yoast SEO plugin v26.2 - https:\/\/yoast.com\/wordpress\/plugins\/seo\/ -->\n<title>CONTATTI - clpasrl.com<\/title>\n<meta name=\"robots\" content=\"index, follow, max-snippet:-1, max-image-preview:large, max-video-preview:-1\" \/>\n<link rel=\"canonical\" href=\"https:\/\/clpasrl.com\/?page_id=76\" \/>\n<meta property=\"og:locale\" content=\"it_IT\" \/>\n<meta property=\"og:type\" content=\"article\" \/>\n<meta property=\"og:title\" content=\"CONTATTI - clpasrl.com\" \/>\n<meta property=\"og:description\" content=\"Contatti Siamo sempre disponibili per fornire informazioni sui nostri servizi di confezionamento o per valutare nuove collaborazioni.Puoi contattarci per richiedere un preventivo personalizzato, ricevere assistenza o semplicemente conoscere meglio la nostra realt\u00e0.Il team CLPA sar\u00e0 lieto di rispondere alle tue richieste con professionalit\u00e0 e rapidit\u00e0. Discutiamo insieme la soluzione migliore per te! Ogni progetto nasce [&hellip;]\" \/>\n<meta property=\"og:url\" content=\"https:\/\/clpasrl.com\/?page_id=76\" \/>\n<meta property=\"og:site_name\" content=\"clpasrl.com\" \/>\n<meta property=\"article:modified_time\" content=\"2025-11-04T10:09:58+00:00\" \/>\n<meta property=\"og:image\" content=\"https:\/\/clpasrl.com\/wp-content\/uploads\/2025\/10\/CLPACONF-edited.png\" \/>\n<meta name=\"twitter:card\" content=\"summary_large_image\" \/>\n<meta name=\"twitter:label1\" content=\"Tempo di lettura stimato\" \/>\n\t<meta name=\"twitter:data1\" content=\"2 minuti\" \/>\n<script type=\"application\/ld+json\" class=\"yoast-schema-graph\">{\"@context\":\"https:\/\/schema.org\",\"@graph\":[{\"@type\":\"WebPage\",\"@id\":\"https:\/\/clpasrl.com\/?page_id=76\",\"url\":\"https:\/\/clpasrl.com\/?page_id=76\",\"name\":\"CONTATTI - clpasrl.com\",\"isPartOf\":{\"@id\":\"https:\/\/clpasrl.com\/#website\"},\"primaryImageOfPage\":{\"@id\":\"https:\/\/clpasrl.com\/?page_id=76#primaryimage\"},\"image\":{\"@id\":\"https:\/\/clpasrl.com\/?page_id=76#primaryimage\"},\"thumbnailUrl\":\"https:\/\/clpasrl.com\/wp-content\/uploads\/2025\/10\/CLPACONF-edited.png\",\"datePublished\":\"2025-10-22T11:43:42+00:00\",\"dateModified\":\"2025-11-04T10:09:58+00:00\",\"breadcrumb\":{\"@id\":\"https:\/\/clpasrl.com\/?page_id=76#breadcrumb\"},\"inLanguage\":\"it-IT\",\"potentialAction\":[{\"@type\":\"ReadAction\",\"target\":[\"https:\/\/clpasrl.com\/?page_id=76\"]}]},{\"@type\":\"ImageObject\",\"inLanguage\":\"it-IT\",\"@id\":\"https:\/\/clpasrl.com\/?page_id=76#primaryimage\",\"url\":\"https:\/\/clpasrl.com\/wp-content\/uploads\/2025\/10\/CLPACONF-edited.png\",\"contentUrl\":\"https:\/\/clpasrl.com\/wp-content\/uploads\/2025\/10\/CLPACONF-edited.png\",\"width\":1024,\"height\":768,\"caption\":\"clpaconf\"},{\"@type\":\"BreadcrumbList\",\"@id\":\"https:\/\/clpasrl.com\/?page_id=76#breadcrumb\",\"itemListElement\":[{\"@type\":\"ListItem\",\"position\":1,\"name\":\"Inicio\",\"item\":\"https:\/\/clpasrl.com\/\"},{\"@type\":\"ListItem\",\"position\":2,\"name\":\"CONTATTI\"}]},{\"@type\":\"WebSite\",\"@id\":\"https:\/\/clpasrl.com\/#website\",\"url\":\"https:\/\/clpasrl.com\/\",\"name\":\"clpasrl.com\",\"description\":\"Sito Clpa Srl\",\"publisher\":{\"@id\":\"https:\/\/clpasrl.com\/#organization\"},\"potentialAction\":[{\"@type\":\"SearchAction\",\"target\":{\"@type\":\"EntryPoint\",\"urlTemplate\":\"https:\/\/clpasrl.com\/?s={search_term_string}\"},\"query-input\":{\"@type\":\"PropertyValueSpecification\",\"valueRequired\":true,\"valueName\":\"search_term_string\"}}],\"inLanguage\":\"it-IT\"},{\"@type\":\"Organization\",\"@id\":\"https:\/\/clpasrl.com\/#organization\",\"name\":\"clpasrl.com\",\"url\":\"https:\/\/clpasrl.com\/\",\"logo\":{\"@type\":\"ImageObject\",\"inLanguage\":\"it-IT\",\"@id\":\"https:\/\/clpasrl.com\/#\/schema\/logo\/image\/\",\"url\":\"https:\/\/clpasrl.com\/wp-content\/uploads\/2025\/10\/cropped-Progetto-senza-titolo-4.png\",\"contentUrl\":\"https:\/\/clpasrl.com\/wp-content\/uploads\/2025\/10\/cropped-Progetto-senza-titolo-4.png\",\"width\":912,\"height\":504,\"caption\":\"clpasrl.com\"},\"image\":{\"@id\":\"https:\/\/clpasrl.com\/#\/schema\/logo\/image\/\"}}]}<\/script>\n<!-- \/ Yoast SEO plugin. -->","yoast_head_json":{"title":"CONTATTI - clpasrl.com","robots":{"index":"index","follow":"follow","max-snippet":"max-snippet:-1","max-image-preview":"max-image-preview:large","max-video-preview":"max-video-preview:-1"},"canonical":"https:\/\/clpasrl.com\/?page_id=76","og_locale":"it_IT","og_type":"article","og_title":"CONTATTI - clpasrl.com","og_description":"Contatti Siamo sempre disponibili per fornire informazioni sui nostri servizi di confezionamento o per valutare nuove collaborazioni.Puoi contattarci per richiedere un preventivo personalizzato, ricevere assistenza o semplicemente conoscere meglio la nostra realt\u00e0.Il team CLPA sar\u00e0 lieto di rispondere alle tue richieste con professionalit\u00e0 e rapidit\u00e0. Discutiamo insieme la soluzione migliore per te! Ogni progetto nasce [&hellip;]","og_url":"https:\/\/clpasrl.com\/?page_id=76","og_site_name":"clpasrl.com","article_modified_time":"2025-11-04T10:09:58+00:00","og_image":[{"url":"https:\/\/clpasrl.com\/wp-content\/uploads\/2025\/10\/CLPACONF-edited.png","type":"","width":"","height":""}],"twitter_card":"summary_large_image","twitter_misc":{"Tempo di lettura stimato":"2 minuti"},"schema":{"@context":"https:\/\/schema.org","@graph":[{"@type":"WebPage","@id":"https:\/\/clpasrl.com\/?page_id=76","url":"https:\/\/clpasrl.com\/?page_id=76","name":"CONTATTI - clpasrl.com","isPartOf":{"@id":"https:\/\/clpasrl.com\/#website"},"primaryImageOfPage":{"@id":"https:\/\/clpasrl.com\/?page_id=76#primaryimage"},"image":{"@id":"https:\/\/clpasrl.com\/?page_id=76#primaryimage"},"thumbnailUrl":"https:\/\/clpasrl.com\/wp-content\/uploads\/2025\/10\/CLPACONF-edited.png","datePublished":"2025-10-22T11:43:42+00:00","dateModified":"2025-11-04T10:09:58+00:00","breadcrumb":{"@id":"https:\/\/clpasrl.com\/?page_id=76#breadcrumb"},"inLanguage":"it-IT","potentialAction":[{"@type":"ReadAction","target":["https:\/\/clpasrl.com\/?page_id=76"]}]},{"@type":"ImageObject","inLanguage":"it-IT","@id":"https:\/\/clpasrl.com\/?page_id=76#primaryimage","url":"https:\/\/clpasrl.com\/wp-content\/uploads\/2025\/10\/CLPACONF-edited.png","contentUrl":"https:\/\/clpasrl.com\/wp-content\/uploads\/2025\/10\/CLPACONF-edited.png","width":1024,"height":768,"caption":"clpaconf"},{"@type":"BreadcrumbList","@id":"https:\/\/clpasrl.com\/?page_id=76#breadcrumb","itemListElement":[{"@type":"ListItem","position":1,"name":"Inicio","item":"https:\/\/clpasrl.com\/"},{"@type":"ListItem","position":2,"name":"CONTATTI"}]},{"@type":"WebSite","@id":"https:\/\/clpasrl.com\/#website","url":"https:\/\/clpasrl.com\/","name":"clpasrl.com","description":"Sito Clpa Srl","publisher":{"@id":"https:\/\/clpasrl.com\/#organization"},"potentialAction":[{"@type":"SearchAction","target":{"@type":"EntryPoint","urlTemplate":"https:\/\/clpasrl.com\/?s={search_term_string}"},"query-input":{"@type":"PropertyValueSpecification","valueRequired":true,"valueName":"search_term_string"}}],"inLanguage":"it-IT"},{"@type":"Organization","@id":"https:\/\/clpasrl.com\/#organization","name":"clpasrl.com","url":"https:\/\/clpasrl.com\/","logo":{"@type":"ImageObject","inLanguage":"it-IT","@id":"https:\/\/clpasrl.com\/#\/schema\/logo\/image\/","url":"https:\/\/clpasrl.com\/wp-content\/uploads\/2025\/10\/cropped-Progetto-senza-titolo-4.png","contentUrl":"https:\/\/clpasrl.com\/wp-content\/uploads\/2025\/10\/cropped-Progetto-senza-titolo-4.png","width":912,"height":504,"caption":"clpasrl.com"},"image":{"@id":"https:\/\/clpasrl.com\/#\/schema\/logo\/image\/"}}]}},"uagb_featured_image_src":{"full":false,"thumbnail":false,"medium":false,"medium_large":false,"large":false,"1536x1536":false,"2048x2048":false},"uagb_author_info":{"display_name":"Marcos Rodriguez","author_link":"https:\/\/clpasrl.com\/?author=2"},"uagb_comment_info":0,"uagb_excerpt":"Contatti Siamo sempre disponibili per fornire informazioni sui nostri servizi di confezionamento o per valutare nuove collaborazioni.Puoi contattarci per richiedere un preventivo personalizzato, ricevere assistenza o semplicemente conoscere meglio la nostra realt\u00e0.Il team CLPA sar\u00e0 lieto di rispondere alle tue richieste con professionalit\u00e0 e rapidit\u00e0. Discutiamo insieme la soluzione migliore per te! Ogni progetto nasce&hellip;","_links":{"self":[{"href":"https:\/\/clpasrl.com\/index.php?rest_route=\/wp\/v2\/pages\/76","targetHints":{"allow":["GET"]}}],"collection":[{"href":"https:\/\/clpasrl.com\/index.php?rest_route=\/wp\/v2\/pages"}],"about":[{"href":"https:\/\/clpasrl.com\/index.php?rest_route=\/wp\/v2\/types\/page"}],"author":[{"embeddable":true,"href":"https:\/\/clpasrl.com\/index.php?rest_route=\/wp\/v2\/users\/2"}],"replies":[{"embeddable":true,"href":"https:\/\/clpasrl.com\/index.php?rest_route=%2Fwp%2Fv2%2Fcomments&post=76"}],"version-history":[{"count":6,"href":"https:\/\/clpasrl.com\/index.php?rest_route=\/wp\/v2\/pages\/76\/revisions"}],"predecessor-version":[{"id":2061,"href":"https:\/\/clpasrl.com\/index.php?rest_route=\/wp\/v2\/pages\/76\/revisions\/2061"}],"wp:attachment":[{"href":"https:\/\/clpasrl.com\/index.php?rest_route=%2Fwp%2Fv2%2Fmedia&parent=76"}],"curies":[{"name":"wp","href":"https:\/\/api.w.org\/{rel}","templated":true}]}}