{"id":74,"date":"2025-10-22T11:43:42","date_gmt":"2025-10-22T11:43:42","guid":{"rendered":"https:\/\/clpasrl.com\/services\/"},"modified":"2025-11-04T11:26:48","modified_gmt":"2025-11-04T10:26:48","slug":"services","status":"publish","type":"page","link":"https:\/\/clpasrl.com\/?page_id=74","title":{"rendered":"SERVIZI"},"content":{"rendered":"\n<div class=\"wp-block-uagb-container uagb-block-36389615 alignfull uagb-is-root-container\"><div class=\"uagb-container-inner-blocks-wrap\">\n<div class=\"wp-block-uagb-advanced-heading uagb-block-48108f65\"><h1 class=\"uagb-heading-text\">Servizi<\/h1><p class=\"uagb-desc-text\">CLPA Srl offre un servizio completo e integrato per il settore alimentare, garantendo qualit\u00e0, sicurezza e affidabilit\u00e0 in ogni fase del processo. Dalla consulenza tecnica alla formulazione dei prodotti, dal confezionamento conto terzi alla distribuzione nazionale e internazionale, l\u2019azienda si distingue per la sua capacit\u00e0 di rispondere con flessibilit\u00e0 alle esigenze specifiche di ogni cliente. Tutte le attivit\u00e0 vengono svolte nel rispetto delle normative vigenti e degli standard di sicurezza alimentare, assicurando tracciabilit\u00e0, efficienza e continuit\u00e0 operativa.<\/p><\/div>\n<\/div><\/div>\n\n\n\n<div class=\"wp-block-uagb-container uagb-block-e668faeb alignfull uagb-is-root-container\"><div class=\"uagb-container-inner-blocks-wrap\">\n<div class=\"wp-block-uagb-image uagb-block-e2d1f9dc wp-block-uagb-image--layout-default wp-block-uagb-image--effect-static wp-block-uagb-image--align-none\"><figure class=\"wp-block-uagb-image__figure\"><img decoding=\"async\" srcset=\"https:\/\/clpasrl.com\/wp-content\/uploads\/2025\/10\/CLPACONF-edited.png ,https:\/\/clpasrl.com\/wp-content\/uploads\/2025\/10\/CLPACONF-edited.png 780w, https:\/\/clpasrl.com\/wp-content\/uploads\/2025\/10\/CLPACONF-edited.png 360w\" sizes=\"auto, (max-width: 480px) 150px\" src=\"https:\/\/clpasrl.com\/wp-content\/uploads\/2025\/10\/CLPACONF-edited.png\" alt=\"clpaconf\" class=\"uag-image-2036\" width=\"1920\" height=\"728\" title=\"clpaconf\" loading=\"lazy\" role=\"img\"\/><\/figure><\/div>\n<\/div><\/div>\n\n\n\n<div class=\"wp-block-uagb-container uagb-block-bcf7a611 alignfull uagb-is-root-container\"><div class=\"uagb-container-inner-blocks-wrap\">\n<div class=\"wp-block-uagb-advanced-heading uagb-block-67119c09\"><h2 class=\"uagb-heading-text\">Le Nostre Soluzioni<\/h2><\/div>\n\n\n\n<div class=\"wp-block-uagb-container uagb-layout-grid uagb-block-702f3723\">\n<div class=\"wp-block-uagb-container uagb-block-26ffc6d5\">\n<div class=\"wp-block-uagb-info-box uagb-block-88a408cb uagb-infobox__content-wrap  uagb-infobox-icon-above-title uagb-infobox-image-valign-top\"><div class=\"uagb-ifb-content\"><div class=\"uagb-ifb-icon-wrap\"><svg xmlns=\"https:\/\/www.w3.org\/2000\/svg\" viewBox=\"0 0 512 512\"><path d=\"M0 256C0 114.6 114.6 0 256 0C397.4 0 512 114.6 512 256C512 397.4 397.4 512 256 512C114.6 512 0 397.4 0 256zM371.8 211.8C382.7 200.9 382.7 183.1 371.8 172.2C360.9 161.3 343.1 161.3 332.2 172.2L224 280.4L179.8 236.2C168.9 225.3 151.1 225.3 140.2 236.2C129.3 247.1 129.3 264.9 140.2 275.8L204.2 339.8C215.1 350.7 232.9 350.7 243.8 339.8L371.8 211.8z\"><\/path><\/svg><\/div><div class=\"uagb-ifb-title-wrap\"><h3 class=\"uagb-ifb-title\">Consulenza<\/h3><\/div><p class=\"uagb-ifb-desc\">Offriamo consulenza tecnica e commerciale per ottimizzare formule, processi e costi nel settore alimentare.<\/p><\/div><\/div>\n<\/div>\n\n\n\n<div class=\"wp-block-uagb-container uagb-block-2ed39dfc\">\n<div class=\"wp-block-uagb-info-box uagb-block-e00cc5f1 uagb-infobox__content-wrap  uagb-infobox-icon-above-title uagb-infobox-image-valign-top\"><div class=\"uagb-ifb-content\"><div class=\"uagb-ifb-icon-wrap\"><svg xmlns=\"https:\/\/www.w3.org\/2000\/svg\" viewBox=\"0 0 512 512\"><path d=\"M0 256C0 114.6 114.6 0 256 0C397.4 0 512 114.6 512 256C512 397.4 397.4 512 256 512C114.6 512 0 397.4 0 256zM371.8 211.8C382.7 200.9 382.7 183.1 371.8 172.2C360.9 161.3 343.1 161.3 332.2 172.2L224 280.4L179.8 236.2C168.9 225.3 151.1 225.3 140.2 236.2C129.3 247.1 129.3 264.9 140.2 275.8L204.2 339.8C215.1 350.7 232.9 350.7 243.8 339.8L371.8 211.8z\"><\/path><\/svg><\/div><div class=\"uagb-ifb-title-wrap\"><h3 class=\"uagb-ifb-title\">Confezionamento<\/h3><\/div><p class=\"uagb-ifb-desc\">Eseguiamo confezionamento conto terzi di latte e derivati, garantendo sicurezza, qualit\u00e0 e tracciabilit\u00e0.<\/p><\/div><\/div>\n<\/div>\n\n\n\n<div class=\"wp-block-uagb-container uagb-block-646085cf\">\n<div class=\"wp-block-uagb-info-box uagb-block-084fbf86 uagb-infobox__content-wrap  uagb-infobox-icon-above-title uagb-infobox-image-valign-top\"><div class=\"uagb-ifb-content\"><div class=\"uagb-ifb-icon-wrap\"><svg xmlns=\"https:\/\/www.w3.org\/2000\/svg\" viewBox=\"0 0 512 512\"><path d=\"M0 256C0 114.6 114.6 0 256 0C397.4 0 512 114.6 512 256C512 397.4 397.4 512 256 512C114.6 512 0 397.4 0 256zM371.8 211.8C382.7 200.9 382.7 183.1 371.8 172.2C360.9 161.3 343.1 161.3 332.2 172.2L224 280.4L179.8 236.2C168.9 225.3 151.1 225.3 140.2 236.2C129.3 247.1 129.3 264.9 140.2 275.8L204.2 339.8C215.1 350.7 232.9 350.7 243.8 339.8L371.8 211.8z\"><\/path><\/svg><\/div><div class=\"uagb-ifb-title-wrap\"><h3 class=\"uagb-ifb-title\">Distribuzione<\/h3><\/div><p class=\"uagb-ifb-desc\">Distribuiamo prodotti CLPA e Pura Bont\u00e0 in Italia e all\u2019estero, assicurando efficienza logistica e puntualit\u00e0.<\/p><\/div><\/div>\n<\/div>\n<\/div>\n<\/div><\/div>\n\n\n\n<p><\/p>\n","protected":false},"excerpt":{"rendered":"<p>Servizi CLPA Srl offre un servizio completo e integrato per il settore alimentare, garantendo qualit\u00e0, sicurezza e affidabilit\u00e0 in ogni fase del processo. Dalla consulenza tecnica alla formulazione dei prodotti, dal confezionamento conto terzi alla distribuzione nazionale e internazionale, l\u2019azienda si distingue per la sua capacit\u00e0 di rispondere con flessibilit\u00e0 alle esigenze specifiche di ogni [&hellip;]<\/p>\n","protected":false},"author":2,"featured_media":0,"parent":0,"menu_order":0,"comment_status":"closed","ping_status":"closed","template":"","meta":{"_uag_custom_page_level_css":"","site-sidebar-layout":"no-sidebar","site-content-layout":"page-builder","ast-site-content-layout":"full-width-container","site-content-style":"unboxed","site-sidebar-style":"unboxed","ast-global-header-display":"","ast-banner-title-visibility":"","ast-main-header-display":"","ast-hfb-above-header-display":"","ast-hfb-below-header-display":"","ast-hfb-mobile-header-display":"","site-post-title":"disabled","ast-breadcrumbs-content":"","ast-featured-img":"disabled","footer-sml-layout":"","theme-transparent-header-meta":"","adv-header-id-meta":"","stick-header-meta":"","header-above-stick-meta":"","header-main-stick-meta":"","header-below-stick-meta":"","astra-migrate-meta-layouts":"set","ast-page-background-enabled":"default","ast-page-background-meta":{"desktop":{"background-color":"var(--ast-global-color-4)","background-image":"","background-repeat":"repeat","background-position":"center center","background-size":"auto","background-attachment":"scroll","background-type":"","background-media":"","overlay-type":"","overlay-color":"","overlay-opacity":"","overlay-gradient":""},"tablet":{"background-color":"","background-image":"","background-repeat":"repeat","background-position":"center center","background-size":"auto","background-attachment":"scroll","background-type":"","background-media":"","overlay-type":"","overlay-color":"","overlay-opacity":"","overlay-gradient":""},"mobile":{"background-color":"","background-image":"","background-repeat":"repeat","background-position":"center center","background-size":"auto","background-attachment":"scroll","background-type":"","background-media":"","overlay-type":"","overlay-color":"","overlay-opacity":"","overlay-gradient":""}},"ast-content-background-meta":{"desktop":{"background-color":"var(--ast-global-color-5)","background-image":"","background-repeat":"repeat","background-position":"center center","background-size":"auto","background-attachment":"scroll","background-type":"","background-media":"","overlay-type":"","overlay-color":"","overlay-opacity":"","overlay-gradient":""},"tablet":{"background-color":"var(--ast-global-color-5)","background-image":"","background-repeat":"repeat","background-position":"center center","background-size":"auto","background-attachment":"scroll","background-type":"","background-media":"","overlay-type":"","overlay-color":"","overlay-opacity":"","overlay-gradient":""},"mobile":{"background-color":"var(--ast-global-color-5)","background-image":"","background-repeat":"repeat","background-position":"center center","background-size":"auto","background-attachment":"scroll","background-type":"","background-media":"","overlay-type":"","overlay-color":"","overlay-opacity":"","overlay-gradient":""}},"footnotes":""},"class_list":["post-74","page","type-page","status-publish","hentry"],"yoast_head":"<!-- This site is optimized with the Yoast SEO plugin v26.2 - https:\/\/yoast.com\/wordpress\/plugins\/seo\/ -->\n<title>SERVIZI - clpasrl.com<\/title>\n<meta name=\"robots\" content=\"index, follow, max-snippet:-1, max-image-preview:large, max-video-preview:-1\" \/>\n<link rel=\"canonical\" href=\"https:\/\/clpasrl.com\/?page_id=74\" \/>\n<meta property=\"og:locale\" content=\"it_IT\" \/>\n<meta property=\"og:type\" content=\"article\" \/>\n<meta property=\"og:title\" content=\"SERVIZI - clpasrl.com\" \/>\n<meta property=\"og:description\" content=\"Servizi CLPA Srl offre un servizio completo e integrato per il settore alimentare, garantendo qualit\u00e0, sicurezza e affidabilit\u00e0 in ogni fase del processo. Dalla consulenza tecnica alla formulazione dei prodotti, dal confezionamento conto terzi alla distribuzione nazionale e internazionale, l\u2019azienda si distingue per la sua capacit\u00e0 di rispondere con flessibilit\u00e0 alle esigenze specifiche di ogni [&hellip;]\" \/>\n<meta property=\"og:url\" content=\"https:\/\/clpasrl.com\/?page_id=74\" \/>\n<meta property=\"og:site_name\" content=\"clpasrl.com\" \/>\n<meta property=\"article:modified_time\" content=\"2025-11-04T10:26:48+00:00\" \/>\n<meta property=\"og:image\" content=\"https:\/\/clpasrl.com\/wp-content\/uploads\/2025\/10\/CLPACONF-edited.png\" \/>\n<meta name=\"twitter:card\" content=\"summary_large_image\" \/>\n<meta name=\"twitter:label1\" content=\"Tempo di lettura stimato\" \/>\n\t<meta name=\"twitter:data1\" content=\"1 minuto\" \/>\n<script type=\"application\/ld+json\" class=\"yoast-schema-graph\">{\"@context\":\"https:\/\/schema.org\",\"@graph\":[{\"@type\":\"WebPage\",\"@id\":\"https:\/\/clpasrl.com\/?page_id=74\",\"url\":\"https:\/\/clpasrl.com\/?page_id=74\",\"name\":\"SERVIZI - clpasrl.com\",\"isPartOf\":{\"@id\":\"https:\/\/clpasrl.com\/#website\"},\"primaryImageOfPage\":{\"@id\":\"https:\/\/clpasrl.com\/?page_id=74#primaryimage\"},\"image\":{\"@id\":\"https:\/\/clpasrl.com\/?page_id=74#primaryimage\"},\"thumbnailUrl\":\"https:\/\/clpasrl.com\/wp-content\/uploads\/2025\/10\/CLPACONF-edited.png\",\"datePublished\":\"2025-10-22T11:43:42+00:00\",\"dateModified\":\"2025-11-04T10:26:48+00:00\",\"breadcrumb\":{\"@id\":\"https:\/\/clpasrl.com\/?page_id=74#breadcrumb\"},\"inLanguage\":\"it-IT\",\"potentialAction\":[{\"@type\":\"ReadAction\",\"target\":[\"https:\/\/clpasrl.com\/?page_id=74\"]}]},{\"@type\":\"ImageObject\",\"inLanguage\":\"it-IT\",\"@id\":\"https:\/\/clpasrl.com\/?page_id=74#primaryimage\",\"url\":\"https:\/\/clpasrl.com\/wp-content\/uploads\/2025\/10\/CLPACONF-edited.png\",\"contentUrl\":\"https:\/\/clpasrl.com\/wp-content\/uploads\/2025\/10\/CLPACONF-edited.png\",\"width\":1024,\"height\":768,\"caption\":\"clpaconf\"},{\"@type\":\"BreadcrumbList\",\"@id\":\"https:\/\/clpasrl.com\/?page_id=74#breadcrumb\",\"itemListElement\":[{\"@type\":\"ListItem\",\"position\":1,\"name\":\"Inicio\",\"item\":\"https:\/\/clpasrl.com\/\"},{\"@type\":\"ListItem\",\"position\":2,\"name\":\"SERVIZI\"}]},{\"@type\":\"WebSite\",\"@id\":\"https:\/\/clpasrl.com\/#website\",\"url\":\"https:\/\/clpasrl.com\/\",\"name\":\"clpasrl.com\",\"description\":\"Sito Clpa Srl\",\"publisher\":{\"@id\":\"https:\/\/clpasrl.com\/#organization\"},\"potentialAction\":[{\"@type\":\"SearchAction\",\"target\":{\"@type\":\"EntryPoint\",\"urlTemplate\":\"https:\/\/clpasrl.com\/?s={search_term_string}\"},\"query-input\":{\"@type\":\"PropertyValueSpecification\",\"valueRequired\":true,\"valueName\":\"search_term_string\"}}],\"inLanguage\":\"it-IT\"},{\"@type\":\"Organization\",\"@id\":\"https:\/\/clpasrl.com\/#organization\",\"name\":\"clpasrl.com\",\"url\":\"https:\/\/clpasrl.com\/\",\"logo\":{\"@type\":\"ImageObject\",\"inLanguage\":\"it-IT\",\"@id\":\"https:\/\/clpasrl.com\/#\/schema\/logo\/image\/\",\"url\":\"https:\/\/clpasrl.com\/wp-content\/uploads\/2025\/10\/cropped-Progetto-senza-titolo-4.png\",\"contentUrl\":\"https:\/\/clpasrl.com\/wp-content\/uploads\/2025\/10\/cropped-Progetto-senza-titolo-4.png\",\"width\":912,\"height\":504,\"caption\":\"clpasrl.com\"},\"image\":{\"@id\":\"https:\/\/clpasrl.com\/#\/schema\/logo\/image\/\"}}]}<\/script>\n<!-- \/ Yoast SEO plugin. -->","yoast_head_json":{"title":"SERVIZI - clpasrl.com","robots":{"index":"index","follow":"follow","max-snippet":"max-snippet:-1","max-image-preview":"max-image-preview:large","max-video-preview":"max-video-preview:-1"},"canonical":"https:\/\/clpasrl.com\/?page_id=74","og_locale":"it_IT","og_type":"article","og_title":"SERVIZI - clpasrl.com","og_description":"Servizi CLPA Srl offre un servizio completo e integrato per il settore alimentare, garantendo qualit\u00e0, sicurezza e affidabilit\u00e0 in ogni fase del processo. Dalla consulenza tecnica alla formulazione dei prodotti, dal confezionamento conto terzi alla distribuzione nazionale e internazionale, l\u2019azienda si distingue per la sua capacit\u00e0 di rispondere con flessibilit\u00e0 alle esigenze specifiche di ogni [&hellip;]","og_url":"https:\/\/clpasrl.com\/?page_id=74","og_site_name":"clpasrl.com","article_modified_time":"2025-11-04T10:26:48+00:00","og_image":[{"url":"https:\/\/clpasrl.com\/wp-content\/uploads\/2025\/10\/CLPACONF-edited.png","type":"","width":"","height":""}],"twitter_card":"summary_large_image","twitter_misc":{"Tempo di lettura stimato":"1 minuto"},"schema":{"@context":"https:\/\/schema.org","@graph":[{"@type":"WebPage","@id":"https:\/\/clpasrl.com\/?page_id=74","url":"https:\/\/clpasrl.com\/?page_id=74","name":"SERVIZI - clpasrl.com","isPartOf":{"@id":"https:\/\/clpasrl.com\/#website"},"primaryImageOfPage":{"@id":"https:\/\/clpasrl.com\/?page_id=74#primaryimage"},"image":{"@id":"https:\/\/clpasrl.com\/?page_id=74#primaryimage"},"thumbnailUrl":"https:\/\/clpasrl.com\/wp-content\/uploads\/2025\/10\/CLPACONF-edited.png","datePublished":"2025-10-22T11:43:42+00:00","dateModified":"2025-11-04T10:26:48+00:00","breadcrumb":{"@id":"https:\/\/clpasrl.com\/?page_id=74#breadcrumb"},"inLanguage":"it-IT","potentialAction":[{"@type":"ReadAction","target":["https:\/\/clpasrl.com\/?page_id=74"]}]},{"@type":"ImageObject","inLanguage":"it-IT","@id":"https:\/\/clpasrl.com\/?page_id=74#primaryimage","url":"https:\/\/clpasrl.com\/wp-content\/uploads\/2025\/10\/CLPACONF-edited.png","contentUrl":"https:\/\/clpasrl.com\/wp-content\/uploads\/2025\/10\/CLPACONF-edited.png","width":1024,"height":768,"caption":"clpaconf"},{"@type":"BreadcrumbList","@id":"https:\/\/clpasrl.com\/?page_id=74#breadcrumb","itemListElement":[{"@type":"ListItem","position":1,"name":"Inicio","item":"https:\/\/clpasrl.com\/"},{"@type":"ListItem","position":2,"name":"SERVIZI"}]},{"@type":"WebSite","@id":"https:\/\/clpasrl.com\/#website","url":"https:\/\/clpasrl.com\/","name":"clpasrl.com","description":"Sito Clpa Srl","publisher":{"@id":"https:\/\/clpasrl.com\/#organization"},"potentialAction":[{"@type":"SearchAction","target":{"@type":"EntryPoint","urlTemplate":"https:\/\/clpasrl.com\/?s={search_term_string}"},"query-input":{"@type":"PropertyValueSpecification","valueRequired":true,"valueName":"search_term_string"}}],"inLanguage":"it-IT"},{"@type":"Organization","@id":"https:\/\/clpasrl.com\/#organization","name":"clpasrl.com","url":"https:\/\/clpasrl.com\/","logo":{"@type":"ImageObject","inLanguage":"it-IT","@id":"https:\/\/clpasrl.com\/#\/schema\/logo\/image\/","url":"https:\/\/clpasrl.com\/wp-content\/uploads\/2025\/10\/cropped-Progetto-senza-titolo-4.png","contentUrl":"https:\/\/clpasrl.com\/wp-content\/uploads\/2025\/10\/cropped-Progetto-senza-titolo-4.png","width":912,"height":504,"caption":"clpasrl.com"},"image":{"@id":"https:\/\/clpasrl.com\/#\/schema\/logo\/image\/"}}]}},"uagb_featured_image_src":{"full":false,"thumbnail":false,"medium":false,"medium_large":false,"large":false,"1536x1536":false,"2048x2048":false},"uagb_author_info":{"display_name":"Marcos Rodriguez","author_link":"https:\/\/clpasrl.com\/?author=2"},"uagb_comment_info":0,"uagb_excerpt":"Servizi CLPA Srl offre un servizio completo e integrato per il settore alimentare, garantendo qualit\u00e0, sicurezza e affidabilit\u00e0 in ogni fase del processo. Dalla consulenza tecnica alla formulazione dei prodotti, dal confezionamento conto terzi alla distribuzione nazionale e internazionale, l\u2019azienda si distingue per la sua capacit\u00e0 di rispondere con flessibilit\u00e0 alle esigenze specifiche di ogni&hellip;","_links":{"self":[{"href":"https:\/\/clpasrl.com\/index.php?rest_route=\/wp\/v2\/pages\/74","targetHints":{"allow":["GET"]}}],"collection":[{"href":"https:\/\/clpasrl.com\/index.php?rest_route=\/wp\/v2\/pages"}],"about":[{"href":"https:\/\/clpasrl.com\/index.php?rest_route=\/wp\/v2\/types\/page"}],"author":[{"embeddable":true,"href":"https:\/\/clpasrl.com\/index.php?rest_route=\/wp\/v2\/users\/2"}],"replies":[{"embeddable":true,"href":"https:\/\/clpasrl.com\/index.php?rest_route=%2Fwp%2Fv2%2Fcomments&post=74"}],"version-history":[{"count":7,"href":"https:\/\/clpasrl.com\/index.php?rest_route=\/wp\/v2\/pages\/74\/revisions"}],"predecessor-version":[{"id":2066,"href":"https:\/\/clpasrl.com\/index.php?rest_route=\/wp\/v2\/pages\/74\/revisions\/2066"}],"wp:attachment":[{"href":"https:\/\/clpasrl.com\/index.php?rest_route=%2Fwp%2Fv2%2Fmedia&parent=74"}],"curies":[{"name":"wp","href":"https:\/\/api.w.org\/{rel}","templated":true}]}}