{"id":72,"date":"2025-10-22T11:43:42","date_gmt":"2025-10-22T11:43:42","guid":{"rendered":"https:\/\/clpasrl.com\/about-us\/"},"modified":"2025-11-07T10:31:07","modified_gmt":"2025-11-07T09:31:07","slug":"about-us","status":"publish","type":"page","link":"https:\/\/clpasrl.com\/?page_id=72","title":{"rendered":"CHI SIAMO"},"content":{"rendered":"\n<div class=\"wp-block-uagb-container uagb-block-44b414af alignfull uagb-is-root-container\"><div class=\"uagb-container-inner-blocks-wrap\">\n<div class=\"wp-block-uagb-advanced-heading uagb-block-c34334b7\"><h1 class=\"uagb-heading-text\">Chi Siamo<\/h1><p class=\"uagb-desc-text\">CLPA Srl \u00e8 un\u2019azienda italiana con sede a Reggio Emilia, specializzata nella lavorazione e nel confezionamento di latte in polvere e derivati.<br>Nata dall\u2019esperienza maturata in oltre venticinque anni nel settore alimentare, l\u2019azienda ha costruito nel tempo solide collaborazioni con distributori, gelaterie artigianali, pasticcerie e laboratori professionali in tutta Italia.<br>La nostra missione \u00e8 offrire un servizio affidabile e su misura, capace di rispondere alle esigenze di ogni cliente con attenzione, puntualit\u00e0 e qualit\u00e0 costante.<br>Ogni prodotto che confezioniamo \u00e8 frutto di una selezione accurata delle materie prime e di processi controllati, garantendo sicurezza, tracciabilit\u00e0 e standard elevati.<br>CLPA oggi rappresenta un punto di riferimento per chi cerca un partner serio e competente nel confezionamento di polveri alimentari, con la flessibilit\u00e0 di un\u2019azienda artigianale e la solidit\u00e0 di una realt\u00e0 strutturata.<\/p><\/div>\n\n\n\n<div class=\"wp-block-uagb-advanced-heading uagb-block-c270b484\"><h3 class=\"uagb-heading-text\"><strong>Dedicati all&#8217;Eccellenza del Servizio.<\/strong><\/h3><\/div>\n\n\n\n<div class=\"wp-block-uagb-image aligncenter uagb-block-db917b2e wp-block-uagb-image--layout-default wp-block-uagb-image--effect-static wp-block-uagb-image--align-center\"><figure class=\"wp-block-uagb-image__figure\"><img decoding=\"async\" srcset=\"https:\/\/clpasrl.com\/wp-content\/uploads\/2025\/10\/CLPACONF-edited.png ,https:\/\/clpasrl.com\/wp-content\/uploads\/2025\/10\/CLPACONF-edited.png 780w, https:\/\/clpasrl.com\/wp-content\/uploads\/2025\/10\/CLPACONF-edited.png 360w\" sizes=\"auto, (max-width: 480px) 150px\" src=\"https:\/\/clpasrl.com\/wp-content\/uploads\/2025\/10\/CLPACONF-edited.png\" alt=\"clpaconf\" class=\"uag-image-2036\" width=\"750\" height=\"500\" title=\"clpaconf\" loading=\"lazy\" role=\"img\"\/><\/figure><\/div>\n<\/div><\/div>\n\n\n\n<div class=\"wp-block-uagb-container uagb-block-9cb62e5d alignfull uagb-is-root-container\"><div class=\"uagb-container-inner-blocks-wrap\">\n<div class=\"wp-block-uagb-advanced-heading uagb-block-2bd72371\"><h2 class=\"uagb-heading-text\">Gallery\u200b<\/h2><\/div>\n<\/div><\/div>\n\n\n\n<div class=\"wp-block-uagb-container uagb-layout-grid uagb-block-87cc6d26 alignfull uagb-is-root-container\"><div class=\"uagb-container-inner-blocks-wrap\">\n<div class=\"wp-block-uagb-advanced-heading uagb-block-a2a5f870\"><h2 class=\"uagb-heading-text\">Progettiamo per ogni esigenza<\/h2><\/div>\n\n\n\n<div class=\"wp-block-uagb-info-box uagb-block-cfc7c084 uagb-infobox__content-wrap  uagb-infobox-icon-above-title uagb-infobox-image-valign-top\"><div class=\"uagb-ifb-content\"><div class=\"uagb-ifb-title-wrap\"><div class=\"uagb-ifb-separator\"><\/div><h3 class=\"uagb-ifb-title\">Donec rutrum congue leo eget malesuada\u200b<\/h3><\/div><p class=\"uagb-ifb-desc\">Sed porttitor lectus nibh. Vestibulum ante ipsum primis in faucibus orci luctus et ultrices posuere cubilia Curae; Donec velit neque, auctor sit amet aliquam vel, ullamcorper sit amet ligula. Nulla quis lorem ut libero malesuada feugiat. Nulla porttitor accumsan tincidunt. Proin eget tortor risus. Curabitur aliquet quam id dui posuere blandit. Pellentesque in ipsum id orci porta dapibus.<\/p><div class=\"uagb-ifb-button-wrapper wp-block-button\"><a href=\"#\" target=\"_self\" onclick=\"return false;\" class=\"uagb-infobox-cta-link\" rel=\"noopener noreferrer\"><svg xmlns=\"https:\/\/www.w3.org\/2000\/svg\" viewBox=\"0 0 512 512\"><path d=\"M502.6 278.6l-128 128c-12.51 12.51-32.76 12.49-45.25 0c-12.5-12.5-12.5-32.75 0-45.25L402.8 288H32C14.31 288 0 273.7 0 255.1S14.31 224 32 224h370.8l-73.38-73.38c-12.5-12.5-12.5-32.75 0-45.25s32.75-12.5 45.25 0l128 128C515.1 245.9 515.1 266.1 502.6 278.6z\"><\/path><\/svg><span class=\"uagb-inline-editing\">Read More<\/span><\/a><\/div><\/div><\/div>\n<\/div><\/div>\n","protected":false},"excerpt":{"rendered":"<p>Chi Siamo CLPA Srl \u00e8 un\u2019azienda italiana con sede a Reggio Emilia, specializzata nella lavorazione e nel confezionamento di latte in polvere e derivati.Nata dall\u2019esperienza maturata in oltre venticinque anni nel settore alimentare, l\u2019azienda ha costruito nel tempo solide collaborazioni con distributori, gelaterie artigianali, pasticcerie e laboratori professionali in tutta Italia.La nostra missione \u00e8 offrire [&hellip;]<\/p>\n","protected":false},"author":2,"featured_media":0,"parent":0,"menu_order":0,"comment_status":"closed","ping_status":"closed","template":"","meta":{"_uag_custom_page_level_css":"","site-sidebar-layout":"no-sidebar","site-content-layout":"page-builder","ast-site-content-layout":"full-width-container","site-content-style":"unboxed","site-sidebar-style":"unboxed","ast-global-header-display":"","ast-banner-title-visibility":"","ast-main-header-display":"","ast-hfb-above-header-display":"","ast-hfb-below-header-display":"","ast-hfb-mobile-header-display":"","site-post-title":"disabled","ast-breadcrumbs-content":"","ast-featured-img":"disabled","footer-sml-layout":"","theme-transparent-header-meta":"","adv-header-id-meta":"","stick-header-meta":"","header-above-stick-meta":"","header-main-stick-meta":"","header-below-stick-meta":"","astra-migrate-meta-layouts":"set","ast-page-background-enabled":"default","ast-page-background-meta":{"desktop":{"background-color":"var(--ast-global-color-4)","background-image":"","background-repeat":"repeat","background-position":"center center","background-size":"auto","background-attachment":"scroll","background-type":"","background-media":"","overlay-type":"","overlay-color":"","overlay-opacity":"","overlay-gradient":""},"tablet":{"background-color":"","background-image":"","background-repeat":"repeat","background-position":"center center","background-size":"auto","background-attachment":"scroll","background-type":"","background-media":"","overlay-type":"","overlay-color":"","overlay-opacity":"","overlay-gradient":""},"mobile":{"background-color":"","background-image":"","background-repeat":"repeat","background-position":"center center","background-size":"auto","background-attachment":"scroll","background-type":"","background-media":"","overlay-type":"","overlay-color":"","overlay-opacity":"","overlay-gradient":""}},"ast-content-background-meta":{"desktop":{"background-color":"var(--ast-global-color-5)","background-image":"","background-repeat":"repeat","background-position":"center center","background-size":"auto","background-attachment":"scroll","background-type":"","background-media":"","overlay-type":"","overlay-color":"","overlay-opacity":"","overlay-gradient":""},"tablet":{"background-color":"var(--ast-global-color-5)","background-image":"","background-repeat":"repeat","background-position":"center center","background-size":"auto","background-attachment":"scroll","background-type":"","background-media":"","overlay-type":"","overlay-color":"","overlay-opacity":"","overlay-gradient":""},"mobile":{"background-color":"var(--ast-global-color-5)","background-image":"","background-repeat":"repeat","background-position":"center center","background-size":"auto","background-attachment":"scroll","background-type":"","background-media":"","overlay-type":"","overlay-color":"","overlay-opacity":"","overlay-gradient":""}},"footnotes":""},"class_list":["post-72","page","type-page","status-publish","hentry"],"yoast_head":"<!-- This site is optimized with the Yoast SEO plugin v26.2 - https:\/\/yoast.com\/wordpress\/plugins\/seo\/ -->\n<title>CHI SIAMO - clpasrl.com<\/title>\n<meta name=\"robots\" content=\"index, follow, max-snippet:-1, max-image-preview:large, max-video-preview:-1\" \/>\n<link rel=\"canonical\" href=\"https:\/\/clpasrl.com\/?page_id=72\" \/>\n<meta property=\"og:locale\" content=\"it_IT\" \/>\n<meta property=\"og:type\" content=\"article\" \/>\n<meta property=\"og:title\" content=\"CHI SIAMO - clpasrl.com\" \/>\n<meta property=\"og:description\" content=\"Chi Siamo CLPA Srl \u00e8 un\u2019azienda italiana con sede a Reggio Emilia, specializzata nella lavorazione e nel confezionamento di latte in polvere e derivati.Nata dall\u2019esperienza maturata in oltre venticinque anni nel settore alimentare, l\u2019azienda ha costruito nel tempo solide collaborazioni con distributori, gelaterie artigianali, pasticcerie e laboratori professionali in tutta Italia.La nostra missione \u00e8 offrire [&hellip;]\" \/>\n<meta property=\"og:url\" content=\"https:\/\/clpasrl.com\/?page_id=72\" \/>\n<meta property=\"og:site_name\" content=\"clpasrl.com\" \/>\n<meta property=\"article:modified_time\" content=\"2025-11-07T09:31:07+00:00\" \/>\n<meta property=\"og:image\" content=\"https:\/\/clpasrl.com\/wp-content\/uploads\/2025\/10\/CLPACONF-edited.png\" \/>\n<meta name=\"twitter:card\" content=\"summary_large_image\" \/>\n<meta name=\"twitter:label1\" content=\"Tempo di lettura stimato\" \/>\n\t<meta name=\"twitter:data1\" content=\"2 minuti\" \/>\n<script type=\"application\/ld+json\" class=\"yoast-schema-graph\">{\"@context\":\"https:\/\/schema.org\",\"@graph\":[{\"@type\":\"WebPage\",\"@id\":\"https:\/\/clpasrl.com\/?page_id=72\",\"url\":\"https:\/\/clpasrl.com\/?page_id=72\",\"name\":\"CHI SIAMO - clpasrl.com\",\"isPartOf\":{\"@id\":\"https:\/\/clpasrl.com\/#website\"},\"primaryImageOfPage\":{\"@id\":\"https:\/\/clpasrl.com\/?page_id=72#primaryimage\"},\"image\":{\"@id\":\"https:\/\/clpasrl.com\/?page_id=72#primaryimage\"},\"thumbnailUrl\":\"https:\/\/clpasrl.com\/wp-content\/uploads\/2025\/10\/CLPACONF-edited.png\",\"datePublished\":\"2025-10-22T11:43:42+00:00\",\"dateModified\":\"2025-11-07T09:31:07+00:00\",\"breadcrumb\":{\"@id\":\"https:\/\/clpasrl.com\/?page_id=72#breadcrumb\"},\"inLanguage\":\"it-IT\",\"potentialAction\":[{\"@type\":\"ReadAction\",\"target\":[\"https:\/\/clpasrl.com\/?page_id=72\"]}]},{\"@type\":\"ImageObject\",\"inLanguage\":\"it-IT\",\"@id\":\"https:\/\/clpasrl.com\/?page_id=72#primaryimage\",\"url\":\"https:\/\/clpasrl.com\/wp-content\/uploads\/2025\/10\/CLPACONF-edited.png\",\"contentUrl\":\"https:\/\/clpasrl.com\/wp-content\/uploads\/2025\/10\/CLPACONF-edited.png\",\"width\":1024,\"height\":768,\"caption\":\"clpaconf\"},{\"@type\":\"BreadcrumbList\",\"@id\":\"https:\/\/clpasrl.com\/?page_id=72#breadcrumb\",\"itemListElement\":[{\"@type\":\"ListItem\",\"position\":1,\"name\":\"Inicio\",\"item\":\"https:\/\/clpasrl.com\/\"},{\"@type\":\"ListItem\",\"position\":2,\"name\":\"CHI SIAMO\"}]},{\"@type\":\"WebSite\",\"@id\":\"https:\/\/clpasrl.com\/#website\",\"url\":\"https:\/\/clpasrl.com\/\",\"name\":\"clpasrl.com\",\"description\":\"Sito Clpa Srl\",\"publisher\":{\"@id\":\"https:\/\/clpasrl.com\/#organization\"},\"potentialAction\":[{\"@type\":\"SearchAction\",\"target\":{\"@type\":\"EntryPoint\",\"urlTemplate\":\"https:\/\/clpasrl.com\/?s={search_term_string}\"},\"query-input\":{\"@type\":\"PropertyValueSpecification\",\"valueRequired\":true,\"valueName\":\"search_term_string\"}}],\"inLanguage\":\"it-IT\"},{\"@type\":\"Organization\",\"@id\":\"https:\/\/clpasrl.com\/#organization\",\"name\":\"clpasrl.com\",\"url\":\"https:\/\/clpasrl.com\/\",\"logo\":{\"@type\":\"ImageObject\",\"inLanguage\":\"it-IT\",\"@id\":\"https:\/\/clpasrl.com\/#\/schema\/logo\/image\/\",\"url\":\"https:\/\/clpasrl.com\/wp-content\/uploads\/2025\/10\/cropped-Progetto-senza-titolo-4.png\",\"contentUrl\":\"https:\/\/clpasrl.com\/wp-content\/uploads\/2025\/10\/cropped-Progetto-senza-titolo-4.png\",\"width\":912,\"height\":504,\"caption\":\"clpasrl.com\"},\"image\":{\"@id\":\"https:\/\/clpasrl.com\/#\/schema\/logo\/image\/\"}}]}<\/script>\n<!-- \/ Yoast SEO plugin. -->","yoast_head_json":{"title":"CHI SIAMO - clpasrl.com","robots":{"index":"index","follow":"follow","max-snippet":"max-snippet:-1","max-image-preview":"max-image-preview:large","max-video-preview":"max-video-preview:-1"},"canonical":"https:\/\/clpasrl.com\/?page_id=72","og_locale":"it_IT","og_type":"article","og_title":"CHI SIAMO - clpasrl.com","og_description":"Chi Siamo CLPA Srl \u00e8 un\u2019azienda italiana con sede a Reggio Emilia, specializzata nella lavorazione e nel confezionamento di latte in polvere e derivati.Nata dall\u2019esperienza maturata in oltre venticinque anni nel settore alimentare, l\u2019azienda ha costruito nel tempo solide collaborazioni con distributori, gelaterie artigianali, pasticcerie e laboratori professionali in tutta Italia.La nostra missione \u00e8 offrire [&hellip;]","og_url":"https:\/\/clpasrl.com\/?page_id=72","og_site_name":"clpasrl.com","article_modified_time":"2025-11-07T09:31:07+00:00","og_image":[{"url":"https:\/\/clpasrl.com\/wp-content\/uploads\/2025\/10\/CLPACONF-edited.png","type":"","width":"","height":""}],"twitter_card":"summary_large_image","twitter_misc":{"Tempo di lettura stimato":"2 minuti"},"schema":{"@context":"https:\/\/schema.org","@graph":[{"@type":"WebPage","@id":"https:\/\/clpasrl.com\/?page_id=72","url":"https:\/\/clpasrl.com\/?page_id=72","name":"CHI SIAMO - clpasrl.com","isPartOf":{"@id":"https:\/\/clpasrl.com\/#website"},"primaryImageOfPage":{"@id":"https:\/\/clpasrl.com\/?page_id=72#primaryimage"},"image":{"@id":"https:\/\/clpasrl.com\/?page_id=72#primaryimage"},"thumbnailUrl":"https:\/\/clpasrl.com\/wp-content\/uploads\/2025\/10\/CLPACONF-edited.png","datePublished":"2025-10-22T11:43:42+00:00","dateModified":"2025-11-07T09:31:07+00:00","breadcrumb":{"@id":"https:\/\/clpasrl.com\/?page_id=72#breadcrumb"},"inLanguage":"it-IT","potentialAction":[{"@type":"ReadAction","target":["https:\/\/clpasrl.com\/?page_id=72"]}]},{"@type":"ImageObject","inLanguage":"it-IT","@id":"https:\/\/clpasrl.com\/?page_id=72#primaryimage","url":"https:\/\/clpasrl.com\/wp-content\/uploads\/2025\/10\/CLPACONF-edited.png","contentUrl":"https:\/\/clpasrl.com\/wp-content\/uploads\/2025\/10\/CLPACONF-edited.png","width":1024,"height":768,"caption":"clpaconf"},{"@type":"BreadcrumbList","@id":"https:\/\/clpasrl.com\/?page_id=72#breadcrumb","itemListElement":[{"@type":"ListItem","position":1,"name":"Inicio","item":"https:\/\/clpasrl.com\/"},{"@type":"ListItem","position":2,"name":"CHI SIAMO"}]},{"@type":"WebSite","@id":"https:\/\/clpasrl.com\/#website","url":"https:\/\/clpasrl.com\/","name":"clpasrl.com","description":"Sito Clpa Srl","publisher":{"@id":"https:\/\/clpasrl.com\/#organization"},"potentialAction":[{"@type":"SearchAction","target":{"@type":"EntryPoint","urlTemplate":"https:\/\/clpasrl.com\/?s={search_term_string}"},"query-input":{"@type":"PropertyValueSpecification","valueRequired":true,"valueName":"search_term_string"}}],"inLanguage":"it-IT"},{"@type":"Organization","@id":"https:\/\/clpasrl.com\/#organization","name":"clpasrl.com","url":"https:\/\/clpasrl.com\/","logo":{"@type":"ImageObject","inLanguage":"it-IT","@id":"https:\/\/clpasrl.com\/#\/schema\/logo\/image\/","url":"https:\/\/clpasrl.com\/wp-content\/uploads\/2025\/10\/cropped-Progetto-senza-titolo-4.png","contentUrl":"https:\/\/clpasrl.com\/wp-content\/uploads\/2025\/10\/cropped-Progetto-senza-titolo-4.png","width":912,"height":504,"caption":"clpasrl.com"},"image":{"@id":"https:\/\/clpasrl.com\/#\/schema\/logo\/image\/"}}]}},"uagb_featured_image_src":{"full":false,"thumbnail":false,"medium":false,"medium_large":false,"large":false,"1536x1536":false,"2048x2048":false},"uagb_author_info":{"display_name":"Marcos Rodriguez","author_link":"https:\/\/clpasrl.com\/?author=2"},"uagb_comment_info":0,"uagb_excerpt":"Chi Siamo CLPA Srl \u00e8 un\u2019azienda italiana con sede a Reggio Emilia, specializzata nella lavorazione e nel confezionamento di latte in polvere e derivati.Nata dall\u2019esperienza maturata in oltre venticinque anni nel settore alimentare, l\u2019azienda ha costruito nel tempo solide collaborazioni con distributori, gelaterie artigianali, pasticcerie e laboratori professionali in tutta Italia.La nostra missione \u00e8 offrire&hellip;","_links":{"self":[{"href":"https:\/\/clpasrl.com\/index.php?rest_route=\/wp\/v2\/pages\/72","targetHints":{"allow":["GET"]}}],"collection":[{"href":"https:\/\/clpasrl.com\/index.php?rest_route=\/wp\/v2\/pages"}],"about":[{"href":"https:\/\/clpasrl.com\/index.php?rest_route=\/wp\/v2\/types\/page"}],"author":[{"embeddable":true,"href":"https:\/\/clpasrl.com\/index.php?rest_route=\/wp\/v2\/users\/2"}],"replies":[{"embeddable":true,"href":"https:\/\/clpasrl.com\/index.php?rest_route=%2Fwp%2Fv2%2Fcomments&post=72"}],"version-history":[{"count":9,"href":"https:\/\/clpasrl.com\/index.php?rest_route=\/wp\/v2\/pages\/72\/revisions"}],"predecessor-version":[{"id":2074,"href":"https:\/\/clpasrl.com\/index.php?rest_route=\/wp\/v2\/pages\/72\/revisions\/2074"}],"wp:attachment":[{"href":"https:\/\/clpasrl.com\/index.php?rest_route=%2Fwp%2Fv2%2Fmedia&parent=72"}],"curies":[{"name":"wp","href":"https:\/\/api.w.org\/{rel}","templated":true}]}}