{"id":69,"date":"2025-10-22T11:43:42","date_gmt":"2025-10-22T11:43:42","guid":{"rendered":"https:\/\/clpasrl.com\/home-2\/"},"modified":"2025-11-04T10:32:38","modified_gmt":"2025-11-04T09:32:38","slug":"home-2","status":"publish","type":"page","link":"https:\/\/clpasrl.com\/","title":{"rendered":"HOME"},"content":{"rendered":"\n<div class=\"wp-block-uagb-container uagb-block-00c2a0fd alignfull uagb-is-root-container\"><div class=\"uagb-container-inner-blocks-wrap\">\n<div class=\"wp-block-uagb-advanced-heading uagb-block-6b316809\"><h1 class=\"uagb-heading-text\">CLPA Srl \u00e8 un\u2019azienda italiana con sede a Reggio Emilia specializzata nella lavorazione e nel confezionamento di latte in polvere e derivati.<\/h1><\/div>\n<\/div><\/div>\n\n\n\n<div class=\"wp-block-uagb-container uagb-block-8e76fe38 alignfull uagb-is-root-container\">\n<div class=\"wp-block-uagb-image alignright uagb-block-6c51998c wp-block-uagb-image--layout-default wp-block-uagb-image--effect-static wp-block-uagb-image--align-right\"><figure class=\"wp-block-uagb-image__figure\"><img decoding=\"async\" srcset=\"https:\/\/clpasrl.com\/wp-content\/uploads\/2025\/10\/CLPACONF-edited.png ,https:\/\/clpasrl.com\/wp-content\/uploads\/2025\/10\/CLPACONF-edited.png 780w, https:\/\/clpasrl.com\/wp-content\/uploads\/2025\/10\/CLPACONF-edited.png 360w\" sizes=\"auto, (max-width: 480px) 150px\" src=\"https:\/\/clpasrl.com\/wp-content\/uploads\/2025\/10\/CLPACONF-edited.png\" alt=\"clpaconf\" class=\"uag-image-2036\" width=\"817\" height=\"612\" title=\"clpaconf\" loading=\"lazy\" role=\"img\"\/><\/figure><\/div>\n<\/div>\n\n\n\n<div class=\"wp-block-uagb-container uagb-block-daf48b7a alignfull uagb-is-root-container\"><div class=\"uagb-container-inner-blocks-wrap\">\n<div class=\"wp-block-uagb-info-box uagb-block-bce261d5 uagb-infobox__content-wrap  uagb-infobox-icon-above-title uagb-infobox-image-valign-top\"><div class=\"uagb-ifb-content\"><div class=\"uagb-ifb-title-wrap\"><h1 class=\"uagb-ifb-title\">Chi Siamo<\/h1><\/div><p class=\"uagb-ifb-desc\">CLPA Srl \u00e8 un\u2019azienda italiana con sede a Reggio Emilia, specializzata nella lavorazione e nel confezionamento di latte in polvere e derivati.<br>Nata dall\u2019esperienza maturata in oltre venticinque anni nel settore alimentare, l\u2019azienda ha costruito nel tempo solide collaborazioni con distributori, gelaterie artigianali, pasticcerie e laboratori professionali in tutta Italia.<br>La nostra missione \u00e8 offrire un servizio affidabile e su misura, capace di rispondere alle esigenze di ogni cliente con attenzione, puntualit\u00e0 e qualit\u00e0 costante.<br>Ogni prodotto che confezioniamo \u00e8 frutto di una selezione accurata delle materie prime e di processi controllati, garantendo sicurezza, tracciabilit\u00e0 e standard elevati.<br>CLPA oggi rappresenta un punto di riferimento per chi cerca un partner serio e competente nel confezionamento di polveri alimentari, con la flessibilit\u00e0 di un\u2019azienda artigianale e la solidit\u00e0 di una realt\u00e0 strutturata.<\/p><div class=\"uagb-ifb-button-wrapper wp-block-button\"><a href=\"#\" class=\"uagb-infobox-cta-link ast-outline-button\" target=\"_self\" rel=\"noopener noreferrer\" style=\"border-width:revert-layer\" onclick=\"return false;\"><span class=\"uagb-inline-editing\">View More<\/span><\/a><\/div><\/div><\/div>\n<\/div><\/div>\n\n\n\n<div class=\"wp-block-uagb-container uagb-layout-grid uagb-block-5d1ebe48 alignfull uagb-is-root-container\">\n<div class=\"wp-block-uagb-image uagb-block-21c6d318 wp-block-uagb-image--layout-default wp-block-uagb-image--effect-static wp-block-uagb-image--align-none\"><figure class=\"wp-block-uagb-image__figure\"><img decoding=\"async\" srcset=\"https:\/\/clpasrl.com\/wp-content\/uploads\/2025\/10\/scattola-CLPA-edited-1024x683.png ,https:\/\/clpasrl.com\/wp-content\/uploads\/2025\/10\/scattola-CLPA.png 780w, https:\/\/clpasrl.com\/wp-content\/uploads\/2025\/10\/scattola-CLPA.png 360w\" sizes=\"auto, (max-width: 480px) 150px\" src=\"https:\/\/clpasrl.com\/wp-content\/uploads\/2025\/10\/scattola-CLPA-edited-1024x683.png\" alt=\"scattola clpa\" class=\"uag-image-2039\" width=\"1024\" height=\"683\" title=\"scattola clpa\" loading=\"lazy\" role=\"img\"\/><\/figure><\/div>\n\n\n\n<div class=\"wp-block-uagb-info-box uagb-block-54072360 uagb-infobox__content-wrap  uagb-infobox-icon-above-title uagb-infobox-image-valign-top wp-block-uagb-info-box--has-margin\"><div class=\"uagb-infobox-margin-wrapper\"><div class=\"uagb-ifb-content\"><div class=\"uagb-ifb-title-wrap\"><h2 class=\"uagb-ifb-title-prefix\">Il nostro obiettivo<\/h2><\/div><p class=\"uagb-ifb-desc\">L\u2019obiettivo di <strong>CLPA Srl<\/strong> \u00e8 garantire un servizio di confezionamento di latte in polvere e derivati che rispetti i pi\u00f9 alti standard di sicurezza, qualit\u00e0 e affidabilit\u00e0.<br>Ogni fase del nostro processo \u2014 dalla selezione delle materie prime al confezionamento finale \u2014 viene gestita con rigore e tracciabilit\u00e0, nel pieno rispetto delle normative italiane ed europee in materia alimentare.<br>Ci impegniamo a offrire ai nostri clienti, sia in Italia che all\u2019estero, prodotti sicuri, costanti e pronti all\u2019uso, supportati da un servizio puntuale e flessibile.<br>La nostra esperienza e la continua attenzione all\u2019innovazione ci permettono di rispondere con professionalit\u00e0 alle esigenze di gelaterie, pasticcerie, distributori e aziende alimentari, consolidando rapporti di fiducia duraturi nel tempo.<\/p><div class=\"uagb-ifb-button-wrapper wp-block-button\"><a href=\"#\" target=\"_self\" onclick=\"return false;\" class=\"uagb-infobox-cta-link\" rel=\"noopener noreferrer\"><svg xmlns=\"https:\/\/www.w3.org\/2000\/svg\" viewBox=\"0 0 512 512\"><path d=\"M502.6 278.6l-128 128c-12.51 12.51-32.76 12.49-45.25 0c-12.5-12.5-12.5-32.75 0-45.25L402.8 288H32C14.31 288 0 273.7 0 255.1S14.31 224 32 224h370.8l-73.38-73.38c-12.5-12.5-12.5-32.75 0-45.25s32.75-12.5 45.25 0l128 128C515.1 245.9 515.1 266.1 502.6 278.6z\"><\/path><\/svg><span class=\"uagb-inline-editing\">\u200b<\/span><\/a><\/div><\/div><\/div><\/div>\n<\/div>\n\n\n\n<div class=\"wp-block-uagb-container uagb-layout-grid uagb-block-db4be87b alignfull uagb-is-root-container\">\n<div class=\"wp-block-uagb-info-box uagb-block-5055817d uagb-infobox__content-wrap  uagb-infobox-icon-above-title uagb-infobox-image-valign-top\"><div class=\"uagb-ifb-content\"><div class=\"uagb-ifb-title-wrap\"><h2 class=\"uagb-ifb-title-prefix\">Le nostre Soluzioni<\/h2><\/div><p class=\"uagb-ifb-desc\">CLPA Srl offre soluzioni complete e personalizzate per il confezionamento di prodotti in polvere destinati al settore alimentare.<br>Supportiamo i nostri clienti in ogni fase del processo: dalla selezione delle materie prime al dosaggio, dal confezionamento all\u2019etichettatura finale, garantendo tracciabilit\u00e0, sicurezza e conformit\u00e0 alle normative vigenti.<br>Grazie alla nostra esperienza e alla flessibilit\u00e0 produttiva, siamo in grado di rispondere con tempestivit\u00e0 alle esigenze di gelaterie, pasticcerie, distributori e aziende alimentari, offrendo confezioni su misura, piccoli lotti di prova e supporto tecnico costante.<br>Le nostre soluzioni trasformano le idee dei clienti in prodotti pronti per la distribuzione, unendo qualit\u00e0 artigianale, efficienza industriale e fiducia professionale.<\/p><div class=\"uagb-ifb-button-wrapper wp-block-button\"><a href=\"#\" target=\"_self\" onclick=\"return false;\" class=\"uagb-infobox-cta-link\" rel=\"noopener noreferrer\"><svg xmlns=\"https:\/\/www.w3.org\/2000\/svg\" viewBox=\"0 0 512 512\"><path d=\"M502.6 278.6l-128 128c-12.51 12.51-32.76 12.49-45.25 0c-12.5-12.5-12.5-32.75 0-45.25L402.8 288H32C14.31 288 0 273.7 0 255.1S14.31 224 32 224h370.8l-73.38-73.38c-12.5-12.5-12.5-32.75 0-45.25s32.75-12.5 45.25 0l128 128C515.1 245.9 515.1 266.1 502.6 278.6z\"><\/path><\/svg><span class=\"uagb-inline-editing\">Learn More\u200b<\/span><\/a><\/div><\/div><\/div>\n\n\n\n<figure class=\"wp-block-image size-large\"><img loading=\"lazy\" decoding=\"async\" width=\"1024\" height=\"683\" src=\"https:\/\/clpasrl.com\/wp-content\/uploads\/2025\/10\/clpa-scaT-1024x683.jpg\" alt=\"clpa scat\" class=\"wp-image-2034\" title=\"HOME\" srcset=\"https:\/\/clpasrl.com\/wp-content\/uploads\/2025\/10\/clpa-scaT-1024x683.jpg 1024w, https:\/\/clpasrl.com\/wp-content\/uploads\/2025\/10\/clpa-scaT-300x200.jpg 300w, https:\/\/clpasrl.com\/wp-content\/uploads\/2025\/10\/clpa-scaT-768x512.jpg 768w, https:\/\/clpasrl.com\/wp-content\/uploads\/2025\/10\/clpa-scaT.jpg 1536w\" sizes=\"auto, (max-width: 1024px) 100vw, 1024px\" \/><\/figure>\n<\/div>\n\n\n\n<div class=\"wp-block-uagb-container uagb-block-983c0a4c alignfull uagb-is-root-container\"><div class=\"uagb-container-inner-blocks-wrap\">\n<div class=\"wp-block-uagb-advanced-heading uagb-block-a9f8b90a\"><h2 class=\"uagb-heading-text\">Servizi<\/h2><\/div>\n\n\n\n<div class=\"wp-block-uagb-container uagb-block-95cf4f96\">\n<div id=\"servizi\" class=\"wp-block-uagb-container uagb-block-f7aebd32\">\n<div class=\"wp-block-uagb-info-box uagb-block-f222225e uagb-infobox__content-wrap  uagb-infobox-icon-above-title uagb-infobox-image-valign-top\"><div class=\"uagb-ifb-content\"><div class=\"uagb-ifb-icon-wrap\"><svg xmlns=\"https:\/\/www.w3.org\/2000\/svg\" viewBox=\"0 0 512 512\"><path d=\"M0 256C0 114.6 114.6 0 256 0C397.4 0 512 114.6 512 256C512 397.4 397.4 512 256 512C114.6 512 0 397.4 0 256zM371.8 211.8C382.7 200.9 382.7 183.1 371.8 172.2C360.9 161.3 343.1 161.3 332.2 172.2L224 280.4L179.8 236.2C168.9 225.3 151.1 225.3 140.2 236.2C129.3 247.1 129.3 264.9 140.2 275.8L204.2 339.8C215.1 350.7 232.9 350.7 243.8 339.8L371.8 211.8z\"><\/path><\/svg><\/div><div class=\"uagb-ifb-title-wrap\"><h3 class=\"uagb-ifb-title\">Confezionamento<\/h3><\/div><p class=\"uagb-ifb-desc\">Eseguiamo confezionamento conto terzi di latte e derivati, garantendo sicurezza, qualit\u00e0 e tracciabilit\u00e0 in ogni fase produttiva.<\/p><\/div><\/div>\n<\/div>\n\n\n\n<div id=\"servizi\" class=\"wp-block-uagb-container uagb-block-3566f895\">\n<div class=\"wp-block-uagb-info-box uagb-block-6e4dbdf2 uagb-infobox__content-wrap  uagb-infobox-icon-above-title uagb-infobox-image-valign-top\"><div class=\"uagb-ifb-content\"><div class=\"uagb-ifb-icon-wrap\"><svg xmlns=\"https:\/\/www.w3.org\/2000\/svg\" viewBox=\"0 0 512 512\"><path d=\"M0 256C0 114.6 114.6 0 256 0C397.4 0 512 114.6 512 256C512 397.4 397.4 512 256 512C114.6 512 0 397.4 0 256zM371.8 211.8C382.7 200.9 382.7 183.1 371.8 172.2C360.9 161.3 343.1 161.3 332.2 172.2L224 280.4L179.8 236.2C168.9 225.3 151.1 225.3 140.2 236.2C129.3 247.1 129.3 264.9 140.2 275.8L204.2 339.8C215.1 350.7 232.9 350.7 243.8 339.8L371.8 211.8z\"><\/path><\/svg><\/div><div class=\"uagb-ifb-title-wrap\"><h3 class=\"uagb-ifb-title\">Consulenza<\/h3><\/div><p class=\"uagb-ifb-desc\">Offriamo consulenza tecnica e commerciale per ottimizzare formule, processi e costi nel settore lattiero e alimentare professionale.<\/p><\/div><\/div>\n<\/div>\n\n\n\n<div id=\"servizi\" class=\"wp-block-uagb-container uagb-block-8e96ee8e\">\n<div class=\"wp-block-uagb-info-box uagb-block-9bda6452 uagb-infobox__content-wrap  uagb-infobox-icon-above-title uagb-infobox-image-valign-top\"><div class=\"uagb-ifb-content\"><div class=\"uagb-ifb-icon-wrap\"><svg xmlns=\"https:\/\/www.w3.org\/2000\/svg\" viewBox=\"0 0 512 512\"><path d=\"M0 256C0 114.6 114.6 0 256 0C397.4 0 512 114.6 512 256C512 397.4 397.4 512 256 512C114.6 512 0 397.4 0 256zM371.8 211.8C382.7 200.9 382.7 183.1 371.8 172.2C360.9 161.3 343.1 161.3 332.2 172.2L224 280.4L179.8 236.2C168.9 225.3 151.1 225.3 140.2 236.2C129.3 247.1 129.3 264.9 140.2 275.8L204.2 339.8C215.1 350.7 232.9 350.7 243.8 339.8L371.8 211.8z\"><\/path><\/svg><\/div><div class=\"uagb-ifb-title-wrap\"><h3 class=\"uagb-ifb-title\">Distribuzione<\/h3><\/div><p class=\"uagb-ifb-desc\">Distribuiamo prodotti CLPA e Pura Bont\u00e0 in Italia e all\u2019estero, assicurando efficienza logistica e puntualit\u00e0 nelle consegne.<\/p><\/div><\/div>\n<\/div>\n<\/div>\n\n\n\n<div class=\"wp-block-uagb-buttons uagb-buttons__outer-wrap uagb-btn__default-btn uagb-btn-tablet__default-btn uagb-btn-mobile__default-btn uagb-block-33c6571d\"><div class=\"uagb-buttons__wrap uagb-buttons-layout-wrap \">\n<div class=\"wp-block-uagb-buttons-child uagb-buttons__outer-wrap uagb-block-d9d216e9 wp-block-button\"><div class=\"uagb-button__wrapper\"><a class=\"uagb-buttons-repeater wp-block-button__link\" aria-label=\"\" href=\"#\" rel=\"follow noopener\" target=\"_self\" role=\"button\"><div class=\"uagb-button__link\">Click Here<\/div><\/a><\/div><\/div>\n<\/div><\/div>\n<\/div><\/div>\n\n\n\n<div class=\"wp-block-uagb-container uagb-block-8df9b2d5 alignfull uagb-is-root-container\"><div class=\"uagb-container-inner-blocks-wrap\">\n<p><\/p>\n<\/div><\/div>\n\n\n\n<div class=\"wp-block-uagb-container uagb-block-9a60b634 alignfull uagb-is-root-container\"><div class=\"uagb-container-inner-blocks-wrap\">\n<div class=\"wp-block-uagb-container uagb-block-2607c2a4\">\n<div class=\"wp-block-uagb-advanced-heading uagb-block-e91e7e82\"><h3 class=\"uagb-heading-text\">Our Clients:\u200b<\/h3><\/div>\n<\/div>\n\n\n\n<div class=\"wp-block-uagb-container uagb-layout-grid uagb-block-403d8bb9\"><\/div>\n<\/div><\/div>\n\n\n\n<p><\/p>\n","protected":false},"excerpt":{"rendered":"<p>CLPA Srl \u00e8 un\u2019azienda italiana con sede a Reggio Emilia specializzata nella lavorazione e nel confezionamento di latte in polvere e derivati. Servizi Our Clients:\u200b<\/p>\n","protected":false},"author":2,"featured_media":0,"parent":0,"menu_order":0,"comment_status":"closed","ping_status":"closed","template":"","meta":{"_uag_custom_page_level_css":"","site-sidebar-layout":"no-sidebar","site-content-layout":"page-builder","ast-site-content-layout":"full-width-container","site-content-style":"unboxed","site-sidebar-style":"unboxed","ast-global-header-display":"","ast-banner-title-visibility":"","ast-main-header-display":"","ast-hfb-above-header-display":"","ast-hfb-below-header-display":"","ast-hfb-mobile-header-display":"","site-post-title":"disabled","ast-breadcrumbs-content":"","ast-featured-img":"disabled","footer-sml-layout":"","theme-transparent-header-meta":"","adv-header-id-meta":"","stick-header-meta":"","header-above-stick-meta":"","header-main-stick-meta":"","header-below-stick-meta":"","astra-migrate-meta-layouts":"set","ast-page-background-enabled":"default","ast-page-background-meta":{"desktop":{"background-color":"var(--ast-global-color-4)","background-image":"","background-repeat":"repeat","background-position":"center center","background-size":"auto","background-attachment":"scroll","background-type":"","background-media":"","overlay-type":"","overlay-color":"","overlay-opacity":"","overlay-gradient":""},"tablet":{"background-color":"","background-image":"","background-repeat":"repeat","background-position":"center center","background-size":"auto","background-attachment":"scroll","background-type":"","background-media":"","overlay-type":"","overlay-color":"","overlay-opacity":"","overlay-gradient":""},"mobile":{"background-color":"","background-image":"","background-repeat":"repeat","background-position":"center center","background-size":"auto","background-attachment":"scroll","background-type":"","background-media":"","overlay-type":"","overlay-color":"","overlay-opacity":"","overlay-gradient":""}},"ast-content-background-meta":{"desktop":{"background-color":"var(--ast-global-color-5)","background-image":"","background-repeat":"repeat","background-position":"center center","background-size":"auto","background-attachment":"scroll","background-type":"","background-media":"","overlay-type":"","overlay-color":"","overlay-opacity":"","overlay-gradient":""},"tablet":{"background-color":"var(--ast-global-color-5)","background-image":"","background-repeat":"repeat","background-position":"center center","background-size":"auto","background-attachment":"scroll","background-type":"","background-media":"","overlay-type":"","overlay-color":"","overlay-opacity":"","overlay-gradient":""},"mobile":{"background-color":"var(--ast-global-color-5)","background-image":"","background-repeat":"repeat","background-position":"center center","background-size":"auto","background-attachment":"scroll","background-type":"","background-media":"","overlay-type":"","overlay-color":"","overlay-opacity":"","overlay-gradient":""}},"footnotes":""},"class_list":["post-69","page","type-page","status-publish","hentry"],"yoast_head":"<!-- This site is optimized with the Yoast SEO plugin v26.2 - https:\/\/yoast.com\/wordpress\/plugins\/seo\/ -->\n<title>HOME - clpasrl.com<\/title>\n<meta name=\"robots\" content=\"index, follow, max-snippet:-1, max-image-preview:large, max-video-preview:-1\" \/>\n<link rel=\"canonical\" href=\"https:\/\/clpasrl.com\/\" \/>\n<meta property=\"og:locale\" content=\"it_IT\" \/>\n<meta property=\"og:type\" content=\"article\" \/>\n<meta property=\"og:title\" content=\"HOME - clpasrl.com\" \/>\n<meta property=\"og:description\" content=\"CLPA Srl \u00e8 un\u2019azienda italiana con sede a Reggio Emilia specializzata nella lavorazione e nel confezionamento di latte in polvere e derivati. Servizi Our Clients:\u200b\" \/>\n<meta property=\"og:url\" content=\"https:\/\/clpasrl.com\/\" \/>\n<meta property=\"og:site_name\" content=\"clpasrl.com\" \/>\n<meta property=\"article:modified_time\" content=\"2025-11-04T09:32:38+00:00\" \/>\n<meta property=\"og:image\" content=\"https:\/\/clpasrl.com\/wp-content\/uploads\/2025\/10\/CLPACONF-edited.png\" \/>\n<meta name=\"twitter:card\" content=\"summary_large_image\" \/>\n<meta name=\"twitter:label1\" content=\"Tempo di lettura stimato\" \/>\n\t<meta name=\"twitter:data1\" content=\"3 minuti\" \/>\n<script type=\"application\/ld+json\" class=\"yoast-schema-graph\">{\"@context\":\"https:\/\/schema.org\",\"@graph\":[{\"@type\":\"WebPage\",\"@id\":\"https:\/\/clpasrl.com\/\",\"url\":\"https:\/\/clpasrl.com\/\",\"name\":\"HOME - clpasrl.com\",\"isPartOf\":{\"@id\":\"https:\/\/clpasrl.com\/#website\"},\"primaryImageOfPage\":{\"@id\":\"https:\/\/clpasrl.com\/#primaryimage\"},\"image\":{\"@id\":\"https:\/\/clpasrl.com\/#primaryimage\"},\"thumbnailUrl\":\"https:\/\/clpasrl.com\/wp-content\/uploads\/2025\/10\/CLPACONF-edited.png\",\"datePublished\":\"2025-10-22T11:43:42+00:00\",\"dateModified\":\"2025-11-04T09:32:38+00:00\",\"breadcrumb\":{\"@id\":\"https:\/\/clpasrl.com\/#breadcrumb\"},\"inLanguage\":\"it-IT\",\"potentialAction\":[{\"@type\":\"ReadAction\",\"target\":[\"https:\/\/clpasrl.com\/\"]}]},{\"@type\":\"ImageObject\",\"inLanguage\":\"it-IT\",\"@id\":\"https:\/\/clpasrl.com\/#primaryimage\",\"url\":\"https:\/\/clpasrl.com\/wp-content\/uploads\/2025\/10\/CLPACONF-edited.png\",\"contentUrl\":\"https:\/\/clpasrl.com\/wp-content\/uploads\/2025\/10\/CLPACONF-edited.png\",\"width\":1024,\"height\":768,\"caption\":\"clpaconf\"},{\"@type\":\"BreadcrumbList\",\"@id\":\"https:\/\/clpasrl.com\/#breadcrumb\",\"itemListElement\":[{\"@type\":\"ListItem\",\"position\":1,\"name\":\"Inicio\",\"item\":\"https:\/\/clpasrl.com\/\"},{\"@type\":\"ListItem\",\"position\":2,\"name\":\"HOME\"}]},{\"@type\":\"WebSite\",\"@id\":\"https:\/\/clpasrl.com\/#website\",\"url\":\"https:\/\/clpasrl.com\/\",\"name\":\"clpasrl.com\",\"description\":\"Sito Clpa Srl\",\"publisher\":{\"@id\":\"https:\/\/clpasrl.com\/#organization\"},\"potentialAction\":[{\"@type\":\"SearchAction\",\"target\":{\"@type\":\"EntryPoint\",\"urlTemplate\":\"https:\/\/clpasrl.com\/?s={search_term_string}\"},\"query-input\":{\"@type\":\"PropertyValueSpecification\",\"valueRequired\":true,\"valueName\":\"search_term_string\"}}],\"inLanguage\":\"it-IT\"},{\"@type\":\"Organization\",\"@id\":\"https:\/\/clpasrl.com\/#organization\",\"name\":\"clpasrl.com\",\"url\":\"https:\/\/clpasrl.com\/\",\"logo\":{\"@type\":\"ImageObject\",\"inLanguage\":\"it-IT\",\"@id\":\"https:\/\/clpasrl.com\/#\/schema\/logo\/image\/\",\"url\":\"https:\/\/clpasrl.com\/wp-content\/uploads\/2025\/10\/cropped-Progetto-senza-titolo-4.png\",\"contentUrl\":\"https:\/\/clpasrl.com\/wp-content\/uploads\/2025\/10\/cropped-Progetto-senza-titolo-4.png\",\"width\":912,\"height\":504,\"caption\":\"clpasrl.com\"},\"image\":{\"@id\":\"https:\/\/clpasrl.com\/#\/schema\/logo\/image\/\"}}]}<\/script>\n<!-- \/ Yoast SEO plugin. -->","yoast_head_json":{"title":"HOME - clpasrl.com","robots":{"index":"index","follow":"follow","max-snippet":"max-snippet:-1","max-image-preview":"max-image-preview:large","max-video-preview":"max-video-preview:-1"},"canonical":"https:\/\/clpasrl.com\/","og_locale":"it_IT","og_type":"article","og_title":"HOME - clpasrl.com","og_description":"CLPA Srl \u00e8 un\u2019azienda italiana con sede a Reggio Emilia specializzata nella lavorazione e nel confezionamento di latte in polvere e derivati. Servizi Our Clients:\u200b","og_url":"https:\/\/clpasrl.com\/","og_site_name":"clpasrl.com","article_modified_time":"2025-11-04T09:32:38+00:00","og_image":[{"url":"https:\/\/clpasrl.com\/wp-content\/uploads\/2025\/10\/CLPACONF-edited.png","type":"","width":"","height":""}],"twitter_card":"summary_large_image","twitter_misc":{"Tempo di lettura stimato":"3 minuti"},"schema":{"@context":"https:\/\/schema.org","@graph":[{"@type":"WebPage","@id":"https:\/\/clpasrl.com\/","url":"https:\/\/clpasrl.com\/","name":"HOME - clpasrl.com","isPartOf":{"@id":"https:\/\/clpasrl.com\/#website"},"primaryImageOfPage":{"@id":"https:\/\/clpasrl.com\/#primaryimage"},"image":{"@id":"https:\/\/clpasrl.com\/#primaryimage"},"thumbnailUrl":"https:\/\/clpasrl.com\/wp-content\/uploads\/2025\/10\/CLPACONF-edited.png","datePublished":"2025-10-22T11:43:42+00:00","dateModified":"2025-11-04T09:32:38+00:00","breadcrumb":{"@id":"https:\/\/clpasrl.com\/#breadcrumb"},"inLanguage":"it-IT","potentialAction":[{"@type":"ReadAction","target":["https:\/\/clpasrl.com\/"]}]},{"@type":"ImageObject","inLanguage":"it-IT","@id":"https:\/\/clpasrl.com\/#primaryimage","url":"https:\/\/clpasrl.com\/wp-content\/uploads\/2025\/10\/CLPACONF-edited.png","contentUrl":"https:\/\/clpasrl.com\/wp-content\/uploads\/2025\/10\/CLPACONF-edited.png","width":1024,"height":768,"caption":"clpaconf"},{"@type":"BreadcrumbList","@id":"https:\/\/clpasrl.com\/#breadcrumb","itemListElement":[{"@type":"ListItem","position":1,"name":"Inicio","item":"https:\/\/clpasrl.com\/"},{"@type":"ListItem","position":2,"name":"HOME"}]},{"@type":"WebSite","@id":"https:\/\/clpasrl.com\/#website","url":"https:\/\/clpasrl.com\/","name":"clpasrl.com","description":"Sito Clpa Srl","publisher":{"@id":"https:\/\/clpasrl.com\/#organization"},"potentialAction":[{"@type":"SearchAction","target":{"@type":"EntryPoint","urlTemplate":"https:\/\/clpasrl.com\/?s={search_term_string}"},"query-input":{"@type":"PropertyValueSpecification","valueRequired":true,"valueName":"search_term_string"}}],"inLanguage":"it-IT"},{"@type":"Organization","@id":"https:\/\/clpasrl.com\/#organization","name":"clpasrl.com","url":"https:\/\/clpasrl.com\/","logo":{"@type":"ImageObject","inLanguage":"it-IT","@id":"https:\/\/clpasrl.com\/#\/schema\/logo\/image\/","url":"https:\/\/clpasrl.com\/wp-content\/uploads\/2025\/10\/cropped-Progetto-senza-titolo-4.png","contentUrl":"https:\/\/clpasrl.com\/wp-content\/uploads\/2025\/10\/cropped-Progetto-senza-titolo-4.png","width":912,"height":504,"caption":"clpasrl.com"},"image":{"@id":"https:\/\/clpasrl.com\/#\/schema\/logo\/image\/"}}]}},"uagb_featured_image_src":{"full":false,"thumbnail":false,"medium":false,"medium_large":false,"large":false,"1536x1536":false,"2048x2048":false},"uagb_author_info":{"display_name":"Marcos Rodriguez","author_link":"https:\/\/clpasrl.com\/?author=2"},"uagb_comment_info":0,"uagb_excerpt":"CLPA Srl \u00e8 un\u2019azienda italiana con sede a Reggio Emilia specializzata nella lavorazione e nel confezionamento di latte in polvere e derivati. Servizi Our Clients:\u200b","_links":{"self":[{"href":"https:\/\/clpasrl.com\/index.php?rest_route=\/wp\/v2\/pages\/69","targetHints":{"allow":["GET"]}}],"collection":[{"href":"https:\/\/clpasrl.com\/index.php?rest_route=\/wp\/v2\/pages"}],"about":[{"href":"https:\/\/clpasrl.com\/index.php?rest_route=\/wp\/v2\/types\/page"}],"author":[{"embeddable":true,"href":"https:\/\/clpasrl.com\/index.php?rest_route=\/wp\/v2\/users\/2"}],"replies":[{"embeddable":true,"href":"https:\/\/clpasrl.com\/index.php?rest_route=%2Fwp%2Fv2%2Fcomments&post=69"}],"version-history":[{"count":10,"href":"https:\/\/clpasrl.com\/index.php?rest_route=\/wp\/v2\/pages\/69\/revisions"}],"predecessor-version":[{"id":2055,"href":"https:\/\/clpasrl.com\/index.php?rest_route=\/wp\/v2\/pages\/69\/revisions\/2055"}],"wp:attachment":[{"href":"https:\/\/clpasrl.com\/index.php?rest_route=%2Fwp%2Fv2%2Fmedia&parent=69"}],"curies":[{"name":"wp","href":"https:\/\/api.w.org\/{rel}","templated":true}]}}